{"id":7266,"date":"2024-08-10T18:32:45","date_gmt":"2024-08-10T18:32:45","guid":{"rendered":"https:\/\/mueblesdeharo.es\/?post_type=product&#038;p=7266"},"modified":"2026-02-27T17:31:18","modified_gmt":"2026-02-27T17:31:18","slug":"sofa-3pl-relax-electrico-mallorca","status":"publish","type":"product","link":"https:\/\/mueblesdeharo.es\/index.php\/producto\/sofa-3pl-relax-electrico-mallorca\/","title":{"rendered":"Sof\u00e1 3pl relax el\u00e9ctrico Mallorca"},"content":{"rendered":"","protected":false},"excerpt":{"rendered":"<p>Sof\u00e1 3 plazas relax el\u00e9ctrico.<\/p>\n<p>Tapizado en color crema o gris perla.<\/p>\n<p>Medidas: 190x90x103 cm (ancho x fondo x alto).<\/p>\n","protected":false},"featured_media":7267,"comment_status":"open","ping_status":"closed","template":"","meta":[],"product_cat":[241,239,222],"product_tag":[],"_links":{"self":[{"href":"https:\/\/mueblesdeharo.es\/index.php\/wp-json\/wp\/v2\/product\/7266"}],"collection":[{"href":"https:\/\/mueblesdeharo.es\/index.php\/wp-json\/wp\/v2\/product"}],"about":[{"href":"https:\/\/mueblesdeharo.es\/index.php\/wp-json\/wp\/v2\/types\/product"}],"replies":[{"embeddable":true,"href":"https:\/\/mueblesdeharo.es\/index.php\/wp-json\/wp\/v2\/comments?post=7266"}],"wp:featuredmedia":[{"embeddable":true,"href":"https:\/\/mueblesdeharo.es\/index.php\/wp-json\/wp\/v2\/media\/7267"}],"wp:attachment":[{"href":"https:\/\/mueblesdeharo.es\/index.php\/wp-json\/wp\/v2\/media?parent=7266"}],"wp:term":[{"taxonomy":"product_cat","embeddable":true,"href":"https:\/\/mueblesdeharo.es\/index.php\/wp-json\/wp\/v2\/product_cat?post=7266"},{"taxonomy":"product_tag","embeddable":true,"href":"https:\/\/mueblesdeharo.es\/index.php\/wp-json\/wp\/v2\/product_tag?post=7266"}],"curies":[{"name":"wp","href":"https:\/\/api.w.org\/{rel}","templated":true}]}}