{"id":7248,"date":"2024-08-10T17:01:28","date_gmt":"2024-08-10T17:01:28","guid":{"rendered":"https:\/\/mueblesdeharo.es\/?post_type=product&#038;p=7248"},"modified":"2025-10-17T09:18:07","modified_gmt":"2025-10-17T09:18:07","slug":"sillon-relax-electrico-almeria","status":"publish","type":"product","link":"https:\/\/mueblesdeharo.es\/index.php\/producto\/sillon-relax-electrico-almeria\/","title":{"rendered":"Sill\u00f3n relax el\u00e9ctrico Almer\u00eda"},"content":{"rendered":"","protected":false},"excerpt":{"rendered":"<p>Sill\u00f3n relax el\u00e9ctrico .<\/p>\n<p>Colores disponibles: Marfil \/ Gris oscuro \/ Crema \/ Gris perla.<\/p>\n<p>Medidas: 66x88x103 cm (ancho x fondo x alto).<\/p>\n","protected":false},"featured_media":7284,"comment_status":"open","ping_status":"closed","template":"","meta":[],"product_cat":[241,222],"product_tag":[],"_links":{"self":[{"href":"https:\/\/mueblesdeharo.es\/index.php\/wp-json\/wp\/v2\/product\/7248"}],"collection":[{"href":"https:\/\/mueblesdeharo.es\/index.php\/wp-json\/wp\/v2\/product"}],"about":[{"href":"https:\/\/mueblesdeharo.es\/index.php\/wp-json\/wp\/v2\/types\/product"}],"replies":[{"embeddable":true,"href":"https:\/\/mueblesdeharo.es\/index.php\/wp-json\/wp\/v2\/comments?post=7248"}],"wp:featuredmedia":[{"embeddable":true,"href":"https:\/\/mueblesdeharo.es\/index.php\/wp-json\/wp\/v2\/media\/7284"}],"wp:attachment":[{"href":"https:\/\/mueblesdeharo.es\/index.php\/wp-json\/wp\/v2\/media?parent=7248"}],"wp:term":[{"taxonomy":"product_cat","embeddable":true,"href":"https:\/\/mueblesdeharo.es\/index.php\/wp-json\/wp\/v2\/product_cat?post=7248"},{"taxonomy":"product_tag","embeddable":true,"href":"https:\/\/mueblesdeharo.es\/index.php\/wp-json\/wp\/v2\/product_tag?post=7248"}],"curies":[{"name":"wp","href":"https:\/\/api.w.org\/{rel}","templated":true}]}}