{"id":7222,"date":"2024-08-07T16:07:26","date_gmt":"2024-08-07T16:07:26","guid":{"rendered":"https:\/\/mueblesdeharo.es\/?post_type=product&#038;p=7222"},"modified":"2024-08-07T17:59:31","modified_gmt":"2024-08-07T17:59:31","slug":"composicion-modular","status":"publish","type":"product","link":"https:\/\/mueblesdeharo.es\/index.php\/producto\/composicion-modular\/","title":{"rendered":"Composici\u00f3n modular"},"content":{"rendered":"","protected":false},"excerpt":{"rendered":"<p>Composici\u00f3n modular de sal\u00f3n:<\/p>\n<ul>\n<li>Vitrina 2P CRISTAL (82cm)<\/li>\n<li>Bajo 2C + 2P (154cm)<\/li>\n<li>Pata marco (153cm)<\/li>\n<li>M\u00f3dulo 3P Dcha (82cm)<\/li>\n<\/ul>\n<p>Opci\u00f3n medidas variables, consultar en tienda.<\/p>\n<p>&nbsp;<\/p>\n","protected":false},"featured_media":7225,"comment_status":"open","ping_status":"closed","template":"","meta":[],"product_cat":[237,227],"product_tag":[],"_links":{"self":[{"href":"https:\/\/mueblesdeharo.es\/index.php\/wp-json\/wp\/v2\/product\/7222"}],"collection":[{"href":"https:\/\/mueblesdeharo.es\/index.php\/wp-json\/wp\/v2\/product"}],"about":[{"href":"https:\/\/mueblesdeharo.es\/index.php\/wp-json\/wp\/v2\/types\/product"}],"replies":[{"embeddable":true,"href":"https:\/\/mueblesdeharo.es\/index.php\/wp-json\/wp\/v2\/comments?post=7222"}],"wp:featuredmedia":[{"embeddable":true,"href":"https:\/\/mueblesdeharo.es\/index.php\/wp-json\/wp\/v2\/media\/7225"}],"wp:attachment":[{"href":"https:\/\/mueblesdeharo.es\/index.php\/wp-json\/wp\/v2\/media?parent=7222"}],"wp:term":[{"taxonomy":"product_cat","embeddable":true,"href":"https:\/\/mueblesdeharo.es\/index.php\/wp-json\/wp\/v2\/product_cat?post=7222"},{"taxonomy":"product_tag","embeddable":true,"href":"https:\/\/mueblesdeharo.es\/index.php\/wp-json\/wp\/v2\/product_tag?post=7222"}],"curies":[{"name":"wp","href":"https:\/\/api.w.org\/{rel}","templated":true}]}}