{"id":7167,"date":"2024-01-05T19:28:17","date_gmt":"2024-01-05T19:28:17","guid":{"rendered":"https:\/\/mueblesdeharo.es\/?post_type=product&#038;p=7167"},"modified":"2024-01-05T19:28:17","modified_gmt":"2024-01-05T19:28:17","slug":"composicion-modular-gns","status":"publish","type":"product","link":"https:\/\/mueblesdeharo.es\/index.php\/producto\/composicion-modular-gns\/","title":{"rendered":"Composici\u00f3n modular Gns."},"content":{"rendered":"","protected":false},"excerpt":{"rendered":"<p>Composici\u00f3n modular de sal\u00f3n de 2,36m. Colores: blanco mate \/ naturale \/ rayado.<\/p>\n<p>Medidas: an236cm x al161cm x fon41cm.<\/p>\n<p>&nbsp;<\/p>\n","protected":false},"featured_media":7168,"comment_status":"open","ping_status":"closed","template":"","meta":[],"product_cat":[237,227],"product_tag":[],"_links":{"self":[{"href":"https:\/\/mueblesdeharo.es\/index.php\/wp-json\/wp\/v2\/product\/7167"}],"collection":[{"href":"https:\/\/mueblesdeharo.es\/index.php\/wp-json\/wp\/v2\/product"}],"about":[{"href":"https:\/\/mueblesdeharo.es\/index.php\/wp-json\/wp\/v2\/types\/product"}],"replies":[{"embeddable":true,"href":"https:\/\/mueblesdeharo.es\/index.php\/wp-json\/wp\/v2\/comments?post=7167"}],"wp:featuredmedia":[{"embeddable":true,"href":"https:\/\/mueblesdeharo.es\/index.php\/wp-json\/wp\/v2\/media\/7168"}],"wp:attachment":[{"href":"https:\/\/mueblesdeharo.es\/index.php\/wp-json\/wp\/v2\/media?parent=7167"}],"wp:term":[{"taxonomy":"product_cat","embeddable":true,"href":"https:\/\/mueblesdeharo.es\/index.php\/wp-json\/wp\/v2\/product_cat?post=7167"},{"taxonomy":"product_tag","embeddable":true,"href":"https:\/\/mueblesdeharo.es\/index.php\/wp-json\/wp\/v2\/product_tag?post=7167"}],"curies":[{"name":"wp","href":"https:\/\/api.w.org\/{rel}","templated":true}]}}