{"id":7049,"date":"2023-08-10T17:48:40","date_gmt":"2023-08-10T17:48:40","guid":{"rendered":"https:\/\/mueblesdeharo.es\/?post_type=product&#038;p=7049"},"modified":"2023-08-10T17:48:40","modified_gmt":"2023-08-10T17:48:40","slug":"sillon-relax-manual-kia","status":"publish","type":"product","link":"https:\/\/mueblesdeharo.es\/index.php\/producto\/sillon-relax-manual-kia\/","title":{"rendered":"Sill\u00f3n relax manual Kia"},"content":{"rendered":"","protected":false},"excerpt":{"rendered":"<p>Sill\u00f3n relax empuje giratorio. Pie met\u00e1lico negro.<\/p>\n<p>Varios colores de tapizado a elegir.<\/p>\n<p>Medidas: 67x89x107 cm (ancho x fondo x alto) \/ Fondo abierto: 156 cm.<\/p>\n","protected":false},"featured_media":7051,"comment_status":"open","ping_status":"closed","template":"","meta":[],"product_cat":[241,239,222],"product_tag":[],"_links":{"self":[{"href":"https:\/\/mueblesdeharo.es\/index.php\/wp-json\/wp\/v2\/product\/7049"}],"collection":[{"href":"https:\/\/mueblesdeharo.es\/index.php\/wp-json\/wp\/v2\/product"}],"about":[{"href":"https:\/\/mueblesdeharo.es\/index.php\/wp-json\/wp\/v2\/types\/product"}],"replies":[{"embeddable":true,"href":"https:\/\/mueblesdeharo.es\/index.php\/wp-json\/wp\/v2\/comments?post=7049"}],"wp:featuredmedia":[{"embeddable":true,"href":"https:\/\/mueblesdeharo.es\/index.php\/wp-json\/wp\/v2\/media\/7051"}],"wp:attachment":[{"href":"https:\/\/mueblesdeharo.es\/index.php\/wp-json\/wp\/v2\/media?parent=7049"}],"wp:term":[{"taxonomy":"product_cat","embeddable":true,"href":"https:\/\/mueblesdeharo.es\/index.php\/wp-json\/wp\/v2\/product_cat?post=7049"},{"taxonomy":"product_tag","embeddable":true,"href":"https:\/\/mueblesdeharo.es\/index.php\/wp-json\/wp\/v2\/product_tag?post=7049"}],"curies":[{"name":"wp","href":"https:\/\/api.w.org\/{rel}","templated":true}]}}