{"id":7038,"date":"2023-08-10T16:50:38","date_gmt":"2023-08-10T16:50:38","guid":{"rendered":"https:\/\/mueblesdeharo.es\/?post_type=product&#038;p=7038"},"modified":"2023-08-10T16:51:00","modified_gmt":"2023-08-10T16:51:00","slug":"sofa-cama-izn","status":"publish","type":"product","link":"https:\/\/mueblesdeharo.es\/index.php\/producto\/sofa-cama-izn\/","title":{"rendered":"Sof\u00e1 cama Izn"},"content":{"rendered":"","protected":false},"excerpt":{"rendered":"<p>Sof\u00e1 cama clic-clac y extra\u00edble tapizado en color Gris.<\/p>\n<p>Medidas: 167x90x97 cm (largo x fondo x alto).<\/p>\n<p>Cama abierta: 138x180x49 cm (largo x fondo x alto).<\/p>\n","protected":false},"featured_media":7039,"comment_status":"open","ping_status":"closed","template":"","meta":[],"product_cat":[240,222],"product_tag":[],"_links":{"self":[{"href":"https:\/\/mueblesdeharo.es\/index.php\/wp-json\/wp\/v2\/product\/7038"}],"collection":[{"href":"https:\/\/mueblesdeharo.es\/index.php\/wp-json\/wp\/v2\/product"}],"about":[{"href":"https:\/\/mueblesdeharo.es\/index.php\/wp-json\/wp\/v2\/types\/product"}],"replies":[{"embeddable":true,"href":"https:\/\/mueblesdeharo.es\/index.php\/wp-json\/wp\/v2\/comments?post=7038"}],"wp:featuredmedia":[{"embeddable":true,"href":"https:\/\/mueblesdeharo.es\/index.php\/wp-json\/wp\/v2\/media\/7039"}],"wp:attachment":[{"href":"https:\/\/mueblesdeharo.es\/index.php\/wp-json\/wp\/v2\/media?parent=7038"}],"wp:term":[{"taxonomy":"product_cat","embeddable":true,"href":"https:\/\/mueblesdeharo.es\/index.php\/wp-json\/wp\/v2\/product_cat?post=7038"},{"taxonomy":"product_tag","embeddable":true,"href":"https:\/\/mueblesdeharo.es\/index.php\/wp-json\/wp\/v2\/product_tag?post=7038"}],"curies":[{"name":"wp","href":"https:\/\/api.w.org\/{rel}","templated":true}]}}