{"id":7032,"date":"2023-08-10T16:20:23","date_gmt":"2023-08-10T16:20:23","guid":{"rendered":"https:\/\/mueblesdeharo.es\/?post_type=product&#038;p=7032"},"modified":"2025-05-24T18:22:52","modified_gmt":"2025-05-24T18:22:52","slug":"sofa-cama-italiano-siesta","status":"publish","type":"product","link":"https:\/\/mueblesdeharo.es\/index.php\/producto\/sofa-cama-italiano-siesta\/","title":{"rendered":"Sof\u00e1 cama italiano"},"content":{"rendered":"","protected":false},"excerpt":{"rendered":"<p>Sof\u00e1 cama con brazo siesta,sistema italiano de f\u00e1cil apertura, convertible en amplia cama de 140x190x12 cm.<\/p>\n<p>Medidas: 202x100x109 cm (largo x fondo x alto).<\/p>\n<p>Fondo cama abierta: 212cm.<\/p>\n<p>Tapizado beige o gris perla.<\/p>\n<p>Opcional: colch\u00f3n de 15 cm o 18 cm de grosor (consultar en tienda).<\/p>\n<p>&nbsp;<\/p>\n<p>&nbsp;<\/p>\n","protected":false},"featured_media":7285,"comment_status":"open","ping_status":"closed","template":"","meta":[],"product_cat":[240,222],"product_tag":[],"_links":{"self":[{"href":"https:\/\/mueblesdeharo.es\/index.php\/wp-json\/wp\/v2\/product\/7032"}],"collection":[{"href":"https:\/\/mueblesdeharo.es\/index.php\/wp-json\/wp\/v2\/product"}],"about":[{"href":"https:\/\/mueblesdeharo.es\/index.php\/wp-json\/wp\/v2\/types\/product"}],"replies":[{"embeddable":true,"href":"https:\/\/mueblesdeharo.es\/index.php\/wp-json\/wp\/v2\/comments?post=7032"}],"wp:featuredmedia":[{"embeddable":true,"href":"https:\/\/mueblesdeharo.es\/index.php\/wp-json\/wp\/v2\/media\/7285"}],"wp:attachment":[{"href":"https:\/\/mueblesdeharo.es\/index.php\/wp-json\/wp\/v2\/media?parent=7032"}],"wp:term":[{"taxonomy":"product_cat","embeddable":true,"href":"https:\/\/mueblesdeharo.es\/index.php\/wp-json\/wp\/v2\/product_cat?post=7032"},{"taxonomy":"product_tag","embeddable":true,"href":"https:\/\/mueblesdeharo.es\/index.php\/wp-json\/wp\/v2\/product_tag?post=7032"}],"curies":[{"name":"wp","href":"https:\/\/api.w.org\/{rel}","templated":true}]}}