{"id":7024,"date":"2023-08-04T16:44:37","date_gmt":"2023-08-04T16:44:37","guid":{"rendered":"https:\/\/mueblesdeharo.es\/?post_type=product&#038;p=7024"},"modified":"2025-05-24T17:26:21","modified_gmt":"2025-05-24T17:26:21","slug":"sillon-relax-electrico-powerlift-moscu","status":"publish","type":"product","link":"https:\/\/mueblesdeharo.es\/index.php\/producto\/sillon-relax-electrico-powerlift-moscu\/","title":{"rendered":"Sill\u00f3n relax el\u00e9ctrico + powerlift Alicante"},"content":{"rendered":"","protected":false},"excerpt":{"rendered":"<p>Sill\u00f3n relax el\u00e9ctrico + powerlift (sistema elevaci\u00f3n, ayuda a levantarse).<\/p>\n<p>Colores disponibles: Gris oscuro \/ Marfil \/ Crema \/ Gris perla.<\/p>\n<p>Medidas: 73x90x110 cm (largo x fondo x alto).<\/p>\n","protected":false},"featured_media":7283,"comment_status":"open","ping_status":"closed","template":"","meta":[],"product_cat":[241,222],"product_tag":[],"_links":{"self":[{"href":"https:\/\/mueblesdeharo.es\/index.php\/wp-json\/wp\/v2\/product\/7024"}],"collection":[{"href":"https:\/\/mueblesdeharo.es\/index.php\/wp-json\/wp\/v2\/product"}],"about":[{"href":"https:\/\/mueblesdeharo.es\/index.php\/wp-json\/wp\/v2\/types\/product"}],"replies":[{"embeddable":true,"href":"https:\/\/mueblesdeharo.es\/index.php\/wp-json\/wp\/v2\/comments?post=7024"}],"wp:featuredmedia":[{"embeddable":true,"href":"https:\/\/mueblesdeharo.es\/index.php\/wp-json\/wp\/v2\/media\/7283"}],"wp:attachment":[{"href":"https:\/\/mueblesdeharo.es\/index.php\/wp-json\/wp\/v2\/media?parent=7024"}],"wp:term":[{"taxonomy":"product_cat","embeddable":true,"href":"https:\/\/mueblesdeharo.es\/index.php\/wp-json\/wp\/v2\/product_cat?post=7024"},{"taxonomy":"product_tag","embeddable":true,"href":"https:\/\/mueblesdeharo.es\/index.php\/wp-json\/wp\/v2\/product_tag?post=7024"}],"curies":[{"name":"wp","href":"https:\/\/api.w.org\/{rel}","templated":true}]}}