{"id":7019,"date":"2023-08-01T11:36:10","date_gmt":"2023-08-01T11:36:10","guid":{"rendered":"https:\/\/mueblesdeharo.es\/?post_type=product&#038;p=7019"},"modified":"2023-08-01T11:45:50","modified_gmt":"2023-08-01T11:45:50","slug":"litera-ref-1026","status":"publish","type":"product","link":"https:\/\/mueblesdeharo.es\/index.php\/producto\/litera-ref-1026\/","title":{"rendered":"Litera Ref. 1026"},"content":{"rendered":"","protected":false},"excerpt":{"rendered":"<p>Esta litera te har\u00e1 ganar espacio en casa,tiene una estructura totalmente resistente y un dise\u00f1o moderno que encajar\u00e1 a la perfecci\u00f3n en tu hogar.<\/p>\n<p>Estructura exterior con tubo acerado de 50 mm.<\/p>\n<p>Incluye escalera y quitamiedo de protecci\u00f3n.<\/p>\n<p>Medida camas: 90&#215;190 cm.<\/p>\n","protected":false},"featured_media":7020,"comment_status":"open","ping_status":"closed","template":"","meta":[],"product_cat":[244,220,255,226],"product_tag":[],"_links":{"self":[{"href":"https:\/\/mueblesdeharo.es\/index.php\/wp-json\/wp\/v2\/product\/7019"}],"collection":[{"href":"https:\/\/mueblesdeharo.es\/index.php\/wp-json\/wp\/v2\/product"}],"about":[{"href":"https:\/\/mueblesdeharo.es\/index.php\/wp-json\/wp\/v2\/types\/product"}],"replies":[{"embeddable":true,"href":"https:\/\/mueblesdeharo.es\/index.php\/wp-json\/wp\/v2\/comments?post=7019"}],"wp:featuredmedia":[{"embeddable":true,"href":"https:\/\/mueblesdeharo.es\/index.php\/wp-json\/wp\/v2\/media\/7020"}],"wp:attachment":[{"href":"https:\/\/mueblesdeharo.es\/index.php\/wp-json\/wp\/v2\/media?parent=7019"}],"wp:term":[{"taxonomy":"product_cat","embeddable":true,"href":"https:\/\/mueblesdeharo.es\/index.php\/wp-json\/wp\/v2\/product_cat?post=7019"},{"taxonomy":"product_tag","embeddable":true,"href":"https:\/\/mueblesdeharo.es\/index.php\/wp-json\/wp\/v2\/product_tag?post=7019"}],"curies":[{"name":"wp","href":"https:\/\/api.w.org\/{rel}","templated":true}]}}