{"id":7004,"date":"2023-07-31T18:31:19","date_gmt":"2023-07-31T18:31:19","guid":{"rendered":"https:\/\/mueblesdeharo.es\/?post_type=product&#038;p=7004"},"modified":"2025-12-26T18:57:21","modified_gmt":"2025-12-26T18:57:21","slug":"bombazo-2","status":"publish","type":"product","link":"https:\/\/mueblesdeharo.es\/index.php\/producto\/bombazo-2\/","title":{"rendered":"Bombazo"},"content":{"rendered":"<p>Necesita montaje: S\u00ed<\/p>\n","protected":false},"excerpt":{"rendered":"<p>Canap\u00e9 + colch\u00f3n de viscoel\u00e1stica de 135&#215;190 cm.<\/p>\n<p>* Colores de canap\u00e9 a elegir: Amazonas,Cambrian o Blanco<\/p>\n<p>* Colch\u00f3n viscoel\u00e1stico. Altura (+\/-1cm): 21 cm.<\/p>\n<p>* Canap\u00e9. Altura interior: 28 cm \/ Altura exterior: 34 cm.<\/p>\n","protected":false},"featured_media":7005,"comment_status":"open","ping_status":"closed","template":"","meta":[],"product_cat":[236,220,255,261],"product_tag":[],"_links":{"self":[{"href":"https:\/\/mueblesdeharo.es\/index.php\/wp-json\/wp\/v2\/product\/7004"}],"collection":[{"href":"https:\/\/mueblesdeharo.es\/index.php\/wp-json\/wp\/v2\/product"}],"about":[{"href":"https:\/\/mueblesdeharo.es\/index.php\/wp-json\/wp\/v2\/types\/product"}],"replies":[{"embeddable":true,"href":"https:\/\/mueblesdeharo.es\/index.php\/wp-json\/wp\/v2\/comments?post=7004"}],"wp:featuredmedia":[{"embeddable":true,"href":"https:\/\/mueblesdeharo.es\/index.php\/wp-json\/wp\/v2\/media\/7005"}],"wp:attachment":[{"href":"https:\/\/mueblesdeharo.es\/index.php\/wp-json\/wp\/v2\/media?parent=7004"}],"wp:term":[{"taxonomy":"product_cat","embeddable":true,"href":"https:\/\/mueblesdeharo.es\/index.php\/wp-json\/wp\/v2\/product_cat?post=7004"},{"taxonomy":"product_tag","embeddable":true,"href":"https:\/\/mueblesdeharo.es\/index.php\/wp-json\/wp\/v2\/product_tag?post=7004"}],"curies":[{"name":"wp","href":"https:\/\/api.w.org\/{rel}","templated":true}]}}