{"id":6987,"date":"2023-07-31T18:12:33","date_gmt":"2023-07-31T18:12:33","guid":{"rendered":"https:\/\/mueblesdeharo.es\/?post_type=product&#038;p=6987"},"modified":"2024-02-02T18:27:58","modified_gmt":"2024-02-02T18:27:58","slug":"colchon-ref-4051","status":"publish","type":"product","link":"https:\/\/mueblesdeharo.es\/index.php\/producto\/colchon-ref-4051\/","title":{"rendered":"Colch\u00f3n Nexus 20 &#8211; Serie articulado"},"content":{"rendered":"<p>Este colch\u00f3n es muy confortable y ergon\u00f3mico.Funda de doble tejido strecht y Air flow transpirable, perfecto para camas articuladas:<\/p>\n<ul>\n<li>N\u00facleo Flexible perfilado + 4 cm de viscoel\u00e1stica.<\/li>\n<li>Firmeza media-alta y alto confort.<\/li>\n<li>Muy transpirable.<\/li>\n<li>Tejidos anti\u00e1caros, antibacterianos e hipoalerg\u00e9nicos.<\/li>\n<li>Aconsejado para peso superior a 90 kg.<\/li>\n<\/ul>\n","protected":false},"excerpt":{"rendered":"<p>Nuestro colch\u00f3n Nexus ha sido dise\u00f1ado cuidadosamente para aquellos que tienen que permanecer recostados per\u00edodos prolongados o de mayor duraci\u00f3n de lo habitual. Gracias a su firmeza intermedia y canales de aireaci\u00f3n se adapta a cualquier posici\u00f3n corporal,proporcionando la estabilidad y firmeza que necesita un buen descanso.<\/p>\n<p>Altura total (+\/-1cm) : 20 cm.<\/p>\n","protected":false},"featured_media":6988,"comment_status":"open","ping_status":"closed","template":"","meta":[],"product_cat":[236,250,220],"product_tag":[],"_links":{"self":[{"href":"https:\/\/mueblesdeharo.es\/index.php\/wp-json\/wp\/v2\/product\/6987"}],"collection":[{"href":"https:\/\/mueblesdeharo.es\/index.php\/wp-json\/wp\/v2\/product"}],"about":[{"href":"https:\/\/mueblesdeharo.es\/index.php\/wp-json\/wp\/v2\/types\/product"}],"replies":[{"embeddable":true,"href":"https:\/\/mueblesdeharo.es\/index.php\/wp-json\/wp\/v2\/comments?post=6987"}],"wp:featuredmedia":[{"embeddable":true,"href":"https:\/\/mueblesdeharo.es\/index.php\/wp-json\/wp\/v2\/media\/6988"}],"wp:attachment":[{"href":"https:\/\/mueblesdeharo.es\/index.php\/wp-json\/wp\/v2\/media?parent=6987"}],"wp:term":[{"taxonomy":"product_cat","embeddable":true,"href":"https:\/\/mueblesdeharo.es\/index.php\/wp-json\/wp\/v2\/product_cat?post=6987"},{"taxonomy":"product_tag","embeddable":true,"href":"https:\/\/mueblesdeharo.es\/index.php\/wp-json\/wp\/v2\/product_tag?post=6987"}],"curies":[{"name":"wp","href":"https:\/\/api.w.org\/{rel}","templated":true}]}}