{"id":6980,"date":"2023-07-31T16:59:44","date_gmt":"2023-07-31T16:59:44","guid":{"rendered":"https:\/\/mueblesdeharo.es\/?post_type=product&#038;p=6980"},"modified":"2023-08-10T11:44:09","modified_gmt":"2023-08-10T11:44:09","slug":"plegatin-independiente-colchoneta-tablero","status":"publish","type":"product","link":"https:\/\/mueblesdeharo.es\/index.php\/producto\/plegatin-independiente-colchoneta-tablero\/","title":{"rendered":"Plegat\u00edn Independiente + Colchoneta + Tablero"},"content":{"rendered":"","protected":false},"excerpt":{"rendered":"<p>El plegat\u00edn independiente es muy vers\u00e1til, ideal para aquel lugar donde necesites una cama y que puedas recogerla sin ocupar espacio.<\/p>\n<p>Perfecto para disponer de una nueva cama sin apenas espacio.Ideal para apartamentos o segundas residencias.<\/p>\n<p>Medida colchoneta : 90x180x12 cm.<\/p>\n<p>Medida plegatin cerrado : 90x31x107 cm.<\/p>\n<p>Tablero en color Cerezo.<\/p>\n<p>&nbsp;<\/p>\n","protected":false},"featured_media":6981,"comment_status":"open","ping_status":"closed","template":"","meta":[],"product_cat":[220,255,261],"product_tag":[],"_links":{"self":[{"href":"https:\/\/mueblesdeharo.es\/index.php\/wp-json\/wp\/v2\/product\/6980"}],"collection":[{"href":"https:\/\/mueblesdeharo.es\/index.php\/wp-json\/wp\/v2\/product"}],"about":[{"href":"https:\/\/mueblesdeharo.es\/index.php\/wp-json\/wp\/v2\/types\/product"}],"replies":[{"embeddable":true,"href":"https:\/\/mueblesdeharo.es\/index.php\/wp-json\/wp\/v2\/comments?post=6980"}],"wp:featuredmedia":[{"embeddable":true,"href":"https:\/\/mueblesdeharo.es\/index.php\/wp-json\/wp\/v2\/media\/6981"}],"wp:attachment":[{"href":"https:\/\/mueblesdeharo.es\/index.php\/wp-json\/wp\/v2\/media?parent=6980"}],"wp:term":[{"taxonomy":"product_cat","embeddable":true,"href":"https:\/\/mueblesdeharo.es\/index.php\/wp-json\/wp\/v2\/product_cat?post=6980"},{"taxonomy":"product_tag","embeddable":true,"href":"https:\/\/mueblesdeharo.es\/index.php\/wp-json\/wp\/v2\/product_tag?post=6980"}],"curies":[{"name":"wp","href":"https:\/\/api.w.org\/{rel}","templated":true}]}}