{"id":6974,"date":"2023-07-31T16:48:36","date_gmt":"2023-07-31T16:48:36","guid":{"rendered":"https:\/\/mueblesdeharo.es\/?post_type=product&#038;p=6974"},"modified":"2023-08-10T11:39:07","modified_gmt":"2023-08-10T11:39:07","slug":"mueble-cama-plegatin-colchoneta","status":"publish","type":"product","link":"https:\/\/mueblesdeharo.es\/index.php\/producto\/mueble-cama-plegatin-colchoneta\/","title":{"rendered":"Mueble cama + Plegat\u00edn + Colchoneta"},"content":{"rendered":"","protected":false},"excerpt":{"rendered":"<p>El plegat\u00edn con mueble es muy vers\u00e1til,ideal para aquel lugar donde necesites una cama y que puedas recogerla sin ocupar espacio.<\/p>\n<p>Perfecto para disponer de una nueva cama sin apenas espacio.Ideal para apartamentos o segundas residencias.<\/p>\n<p>Medida colchoneta: 90x180x12 cm.<\/p>\n<p>Medida mueble: 100x42x102 cm.<\/p>\n","protected":false},"featured_media":6975,"comment_status":"open","ping_status":"closed","template":"","meta":[],"product_cat":[220,255,261],"product_tag":[],"_links":{"self":[{"href":"https:\/\/mueblesdeharo.es\/index.php\/wp-json\/wp\/v2\/product\/6974"}],"collection":[{"href":"https:\/\/mueblesdeharo.es\/index.php\/wp-json\/wp\/v2\/product"}],"about":[{"href":"https:\/\/mueblesdeharo.es\/index.php\/wp-json\/wp\/v2\/types\/product"}],"replies":[{"embeddable":true,"href":"https:\/\/mueblesdeharo.es\/index.php\/wp-json\/wp\/v2\/comments?post=6974"}],"wp:featuredmedia":[{"embeddable":true,"href":"https:\/\/mueblesdeharo.es\/index.php\/wp-json\/wp\/v2\/media\/6975"}],"wp:attachment":[{"href":"https:\/\/mueblesdeharo.es\/index.php\/wp-json\/wp\/v2\/media?parent=6974"}],"wp:term":[{"taxonomy":"product_cat","embeddable":true,"href":"https:\/\/mueblesdeharo.es\/index.php\/wp-json\/wp\/v2\/product_cat?post=6974"},{"taxonomy":"product_tag","embeddable":true,"href":"https:\/\/mueblesdeharo.es\/index.php\/wp-json\/wp\/v2\/product_tag?post=6974"}],"curies":[{"name":"wp","href":"https:\/\/api.w.org\/{rel}","templated":true}]}}