{"id":6798,"date":"2023-07-03T18:40:31","date_gmt":"2023-07-03T18:40:31","guid":{"rendered":"https:\/\/mueblesdeharo.es\/?post_type=product&#038;p=6798"},"modified":"2023-07-03T18:42:34","modified_gmt":"2023-07-03T18:42:34","slug":"colchon-thermo-fresh","status":"publish","type":"product","link":"https:\/\/mueblesdeharo.es\/index.php\/producto\/colchon-thermo-fresh\/","title":{"rendered":"Colch\u00f3n Thermo Fresh"},"content":{"rendered":"<p>El colch\u00f3n Thermofresh es ideal para regular la temperatura,ya que dispone de un termoregulador efecto fr\u00edo\/calor.<\/p>\n<p>Tejido COOLER, compuesto de materiales que logra efecto doble \u00f3ptimo de sensaci\u00f3n de fr\u00edo y enfriamiento gracias a su suave y ligero tacto.<\/p>\n<p>Este colch\u00f3n est\u00e1 disponble con carcasa de muelles ensacados y refuerzo perimetral.720 muelles y 5 zonas de confort.<\/p>\n<p>Fabricado con materiales 100% de primera calidad, tejido strech con HILO FR\u00cdO.<\/p>\n<p>Altura total (+\/-1cm): 28\/29 cm .<\/p>\n","protected":false},"excerpt":{"rendered":"<p>Termoregulador efecto Fr\u00edo \/ Calor.<\/p>\n<p>Colch\u00f3n que aporta una m\u00e1xima sensaci\u00f3n de frescor gracias a su suave y ligero tacto.<\/p>\n<ul>\n<li>Disponible en acabado muelles ensacados.<\/li>\n<li>Hilo frio Cooler.<\/li>\n<li>Visco carbono + gel.<\/li>\n<\/ul>\n","protected":false},"featured_media":6845,"comment_status":"open","ping_status":"closed","template":"","meta":[],"product_cat":[236,220],"product_tag":[],"_links":{"self":[{"href":"https:\/\/mueblesdeharo.es\/index.php\/wp-json\/wp\/v2\/product\/6798"}],"collection":[{"href":"https:\/\/mueblesdeharo.es\/index.php\/wp-json\/wp\/v2\/product"}],"about":[{"href":"https:\/\/mueblesdeharo.es\/index.php\/wp-json\/wp\/v2\/types\/product"}],"replies":[{"embeddable":true,"href":"https:\/\/mueblesdeharo.es\/index.php\/wp-json\/wp\/v2\/comments?post=6798"}],"wp:featuredmedia":[{"embeddable":true,"href":"https:\/\/mueblesdeharo.es\/index.php\/wp-json\/wp\/v2\/media\/6845"}],"wp:attachment":[{"href":"https:\/\/mueblesdeharo.es\/index.php\/wp-json\/wp\/v2\/media?parent=6798"}],"wp:term":[{"taxonomy":"product_cat","embeddable":true,"href":"https:\/\/mueblesdeharo.es\/index.php\/wp-json\/wp\/v2\/product_cat?post=6798"},{"taxonomy":"product_tag","embeddable":true,"href":"https:\/\/mueblesdeharo.es\/index.php\/wp-json\/wp\/v2\/product_tag?post=6798"}],"curies":[{"name":"wp","href":"https:\/\/api.w.org\/{rel}","templated":true}]}}