{"id":6092,"date":"2022-08-12T18:22:12","date_gmt":"2022-08-12T18:22:12","guid":{"rendered":"https:\/\/mueblesdeharo.es\/?post_type=product&#038;p=6092"},"modified":"2026-04-15T15:57:10","modified_gmt":"2026-04-15T15:57:10","slug":"cama-motor-ref-1053","status":"publish","type":"product","link":"https:\/\/mueblesdeharo.es\/index.php\/producto\/cama-motor-ref-1053\/","title":{"rendered":"Cama 1 Motor Ref. 1053"},"content":{"rendered":"","protected":false},"excerpt":{"rendered":"<p>La cama a motor multil\u00e1minas viene a aportar un plus para el descanso m\u00e1s exigente. Incorpora motor con sistema silencioso de elevaci\u00f3n y mando para ajustar sus posiciones para encontrar la mejor posici\u00f3n de comodidad. Incluye juego de 4 porter\u00eda (sujeta-colch\u00f3n).<\/p>\n<p>The multi-slat motorized bed comes to provide a plus for the most demanding rest. It incorporates a motor with a silent lifting and control system to adjust its position to find the best comfort position. It includes sets of 4 goals (mattres holder).<\/p>\n","protected":false},"featured_media":6093,"comment_status":"open","ping_status":"closed","template":"","meta":[],"product_cat":[250,220,255],"product_tag":[],"_links":{"self":[{"href":"https:\/\/mueblesdeharo.es\/index.php\/wp-json\/wp\/v2\/product\/6092"}],"collection":[{"href":"https:\/\/mueblesdeharo.es\/index.php\/wp-json\/wp\/v2\/product"}],"about":[{"href":"https:\/\/mueblesdeharo.es\/index.php\/wp-json\/wp\/v2\/types\/product"}],"replies":[{"embeddable":true,"href":"https:\/\/mueblesdeharo.es\/index.php\/wp-json\/wp\/v2\/comments?post=6092"}],"wp:featuredmedia":[{"embeddable":true,"href":"https:\/\/mueblesdeharo.es\/index.php\/wp-json\/wp\/v2\/media\/6093"}],"wp:attachment":[{"href":"https:\/\/mueblesdeharo.es\/index.php\/wp-json\/wp\/v2\/media?parent=6092"}],"wp:term":[{"taxonomy":"product_cat","embeddable":true,"href":"https:\/\/mueblesdeharo.es\/index.php\/wp-json\/wp\/v2\/product_cat?post=6092"},{"taxonomy":"product_tag","embeddable":true,"href":"https:\/\/mueblesdeharo.es\/index.php\/wp-json\/wp\/v2\/product_tag?post=6092"}],"curies":[{"name":"wp","href":"https:\/\/api.w.org\/{rel}","templated":true}]}}