{"id":6088,"date":"2022-08-12T11:51:40","date_gmt":"2022-08-12T11:51:40","guid":{"rendered":"https:\/\/mueblesdeharo.es\/?post_type=product&#038;p=6088"},"modified":"2023-07-29T11:29:40","modified_gmt":"2023-07-29T11:29:40","slug":"cama-articulada-a-motor-colchon-viscoelastico-de-90x190cm","status":"publish","type":"product","link":"https:\/\/mueblesdeharo.es\/index.php\/producto\/cama-articulada-a-motor-colchon-viscoelastico-de-90x190cm\/","title":{"rendered":"Cama articulada a motor + colch\u00f3n viscoel\u00e1stico de 90x190cm"},"content":{"rendered":"","protected":false},"excerpt":{"rendered":"<p>La cama articulada incorpora motor con sistema silencioso de elevaci\u00f3n,mando para ajustar sus posiciones para encontrar la mejor posici\u00f3n de comodidad. Incluye juego de 4 porter\u00eda (sujeta-colch\u00f3n).<\/p>\n<p>Colch\u00f3n de viscoel\u00e1stica 90x190cm muy confortable,ergon\u00f3mico y transpirable. Fimeza media-alta. Altura: 20cm.<\/p>\n<p>The articulated bed incorporates a motor with a silent lifting system, a control to adjust its position to find the best comfort position. Includes set of 4 goals (mattress holder).<\/p>\n<p>Viscoelastic mattress 90x190cm very comfortable, ergonomic and breathable. Medium- high firmness. Height: 20 cm.<\/p>\n<p>&nbsp;<\/p>\n<p>&nbsp;<\/p>\n","protected":false},"featured_media":6089,"comment_status":"open","ping_status":"closed","template":"","meta":[],"product_cat":[250,220,261],"product_tag":[],"_links":{"self":[{"href":"https:\/\/mueblesdeharo.es\/index.php\/wp-json\/wp\/v2\/product\/6088"}],"collection":[{"href":"https:\/\/mueblesdeharo.es\/index.php\/wp-json\/wp\/v2\/product"}],"about":[{"href":"https:\/\/mueblesdeharo.es\/index.php\/wp-json\/wp\/v2\/types\/product"}],"replies":[{"embeddable":true,"href":"https:\/\/mueblesdeharo.es\/index.php\/wp-json\/wp\/v2\/comments?post=6088"}],"wp:featuredmedia":[{"embeddable":true,"href":"https:\/\/mueblesdeharo.es\/index.php\/wp-json\/wp\/v2\/media\/6089"}],"wp:attachment":[{"href":"https:\/\/mueblesdeharo.es\/index.php\/wp-json\/wp\/v2\/media?parent=6088"}],"wp:term":[{"taxonomy":"product_cat","embeddable":true,"href":"https:\/\/mueblesdeharo.es\/index.php\/wp-json\/wp\/v2\/product_cat?post=6088"},{"taxonomy":"product_tag","embeddable":true,"href":"https:\/\/mueblesdeharo.es\/index.php\/wp-json\/wp\/v2\/product_tag?post=6088"}],"curies":[{"name":"wp","href":"https:\/\/api.w.org\/{rel}","templated":true}]}}