{"id":6060,"date":"2022-07-29T17:01:59","date_gmt":"2022-07-29T17:01:59","guid":{"rendered":"https:\/\/mueblesdeharo.es\/?post_type=product&#038;p=6060"},"modified":"2025-05-24T18:20:22","modified_gmt":"2025-05-24T18:20:22","slug":"sofa-cama-sistema-italiano-ptt","status":"publish","type":"product","link":"https:\/\/mueblesdeharo.es\/index.php\/producto\/sofa-cama-sistema-italiano-ptt\/","title":{"rendered":"Sof\u00e1 cama sistema italiano &#8211; Ptt"},"content":{"rendered":"<p><strong>CARACTER\u00cdSTICAS T\u00c9CNICAS:<\/strong><\/p>\n<ul>\n<li>Mecanismo: sistema de apertura italiano, fabricado en tubo de acero, pintado en epoxi.<\/li>\n<li>Somier de malla electrosoldada, garantizado para mas de 5,000 aperturas.<\/li>\n<li>Armaz\u00f3n: Madera de pino y tablero de particulas.<\/li>\n<li>Asiento: Gomaespuma de 30 kilos recubierto de fibra de 300 g.<\/li>\n<li>Respaldo: fibra acrilica siliconada.<\/li>\n<li>Colch\u00f3n. Hr 30 kilos 190 cm de largo x 12 cm de grosor.<\/li>\n<li>Todas las medidas pueden tener una oscilaci\u00f3n entre +\/- 5 cm<\/li>\n<li>Colch\u00f3n de 12 cm de grosor.<\/li>\n<\/ul>\n<p>&nbsp;<\/p>\n<p><strong>TECHNICAL CHARACTERISTICS:<\/strong><\/p>\n<ul>\n<li>Mechanism: Italian opening system, made of steel tube, painted in epoxy.<\/li>\n<li>Electro-welded mesh base, guaranteed for more than 5,000 openings.<\/li>\n<li>Frame: Pine wood and particle board.<\/li>\n<li>Seat: 30 kilo foam rubber covered with 300g fiber.<\/li>\n<li>Backing: silicone acryling fiber.<\/li>\n<li>Mattress. Hr 30 kilos 190cm long x 12cm thick.<\/li>\n<li>All measurements may have an oscillation between +\/- 5cm 12cm thick mattress.<\/li>\n<\/ul>\n<p>&nbsp;<\/p>\n","protected":false},"excerpt":{"rendered":"<p>Sof\u00e1 cama sistema italiano de f\u00e1cil apertura,de dimensiones reducidas,ideal y perfecto para ubicar en espacios peque\u00f1os,convertible en amplia cama de 140x190x12cm.<\/p>\n<p>Medidas sof\u00e1: 173x98x98cm.<\/p>\n<p>Fondo cama abierta: 212cm.<\/p>\n<p>Tapizado beige o gris perla.<\/p>\n<p>Opcional: colch\u00f3n de 15 cm o 18 cm de grosor (consultar en tienda).<\/p>\n","protected":false},"featured_media":7294,"comment_status":"open","ping_status":"closed","template":"","meta":[],"product_cat":[240,222],"product_tag":[],"_links":{"self":[{"href":"https:\/\/mueblesdeharo.es\/index.php\/wp-json\/wp\/v2\/product\/6060"}],"collection":[{"href":"https:\/\/mueblesdeharo.es\/index.php\/wp-json\/wp\/v2\/product"}],"about":[{"href":"https:\/\/mueblesdeharo.es\/index.php\/wp-json\/wp\/v2\/types\/product"}],"replies":[{"embeddable":true,"href":"https:\/\/mueblesdeharo.es\/index.php\/wp-json\/wp\/v2\/comments?post=6060"}],"wp:featuredmedia":[{"embeddable":true,"href":"https:\/\/mueblesdeharo.es\/index.php\/wp-json\/wp\/v2\/media\/7294"}],"wp:attachment":[{"href":"https:\/\/mueblesdeharo.es\/index.php\/wp-json\/wp\/v2\/media?parent=6060"}],"wp:term":[{"taxonomy":"product_cat","embeddable":true,"href":"https:\/\/mueblesdeharo.es\/index.php\/wp-json\/wp\/v2\/product_cat?post=6060"},{"taxonomy":"product_tag","embeddable":true,"href":"https:\/\/mueblesdeharo.es\/index.php\/wp-json\/wp\/v2\/product_tag?post=6060"}],"curies":[{"name":"wp","href":"https:\/\/api.w.org\/{rel}","templated":true}]}}