{"id":5605,"date":"2022-03-30T17:30:43","date_gmt":"2022-03-30T17:30:43","guid":{"rendered":"http:\/\/mueblesdeharo.es\/?post_type=product&#038;p=5605"},"modified":"2025-12-08T16:30:18","modified_gmt":"2025-12-08T16:30:18","slug":"composicion-salon-70670","status":"publish","type":"product","link":"https:\/\/mueblesdeharo.es\/index.php\/producto\/composicion-salon-70670\/","title":{"rendered":"Composici\u00f3n Sal\u00f3n 70670"},"content":{"rendered":"<p>NECESITA MONTAJE: S\u00ed<\/p>\n","protected":false},"excerpt":{"rendered":"<p>Composici\u00f3n sal\u00f3n de 2,58m en color Naturale\/Pizarra.<\/p>\n<p>Living room composition of 2,58m in Naturale\/Pizzarra colour.<\/p>\n<p>&nbsp;<\/p>\n","protected":false},"featured_media":5606,"comment_status":"open","ping_status":"closed","template":"","meta":[],"product_cat":[237,227],"product_tag":[],"_links":{"self":[{"href":"https:\/\/mueblesdeharo.es\/index.php\/wp-json\/wp\/v2\/product\/5605"}],"collection":[{"href":"https:\/\/mueblesdeharo.es\/index.php\/wp-json\/wp\/v2\/product"}],"about":[{"href":"https:\/\/mueblesdeharo.es\/index.php\/wp-json\/wp\/v2\/types\/product"}],"replies":[{"embeddable":true,"href":"https:\/\/mueblesdeharo.es\/index.php\/wp-json\/wp\/v2\/comments?post=5605"}],"wp:featuredmedia":[{"embeddable":true,"href":"https:\/\/mueblesdeharo.es\/index.php\/wp-json\/wp\/v2\/media\/5606"}],"wp:attachment":[{"href":"https:\/\/mueblesdeharo.es\/index.php\/wp-json\/wp\/v2\/media?parent=5605"}],"wp:term":[{"taxonomy":"product_cat","embeddable":true,"href":"https:\/\/mueblesdeharo.es\/index.php\/wp-json\/wp\/v2\/product_cat?post=5605"},{"taxonomy":"product_tag","embeddable":true,"href":"https:\/\/mueblesdeharo.es\/index.php\/wp-json\/wp\/v2\/product_tag?post=5605"}],"curies":[{"name":"wp","href":"https:\/\/api.w.org\/{rel}","templated":true}]}}