{"id":5290,"date":"2022-01-21T18:55:57","date_gmt":"2022-01-21T18:55:57","guid":{"rendered":"http:\/\/mueblesdeharo.es\/?post_type=product&#038;p=5290"},"modified":"2023-07-28T16:10:28","modified_gmt":"2023-07-28T16:10:28","slug":"somier-ref-1205","status":"publish","type":"product","link":"https:\/\/mueblesdeharo.es\/index.php\/producto\/somier-ref-1205\/","title":{"rendered":"Somier Ref. 1205"},"content":{"rendered":"<p>Somier actual,superl\u00e1minas y silencioso.<\/p>\n","protected":false},"excerpt":{"rendered":"<p>Somier robusto con super l\u00e1minas y silencioso gracias a la l\u00e1mina embutida en pl\u00e1stico antirruido. Sin duda,un somier creado para favorecer el descanso.<\/p>\n","protected":false},"featured_media":5291,"comment_status":"open","ping_status":"closed","template":"","meta":[],"product_cat":[269,220,255],"product_tag":[],"_links":{"self":[{"href":"https:\/\/mueblesdeharo.es\/index.php\/wp-json\/wp\/v2\/product\/5290"}],"collection":[{"href":"https:\/\/mueblesdeharo.es\/index.php\/wp-json\/wp\/v2\/product"}],"about":[{"href":"https:\/\/mueblesdeharo.es\/index.php\/wp-json\/wp\/v2\/types\/product"}],"replies":[{"embeddable":true,"href":"https:\/\/mueblesdeharo.es\/index.php\/wp-json\/wp\/v2\/comments?post=5290"}],"wp:featuredmedia":[{"embeddable":true,"href":"https:\/\/mueblesdeharo.es\/index.php\/wp-json\/wp\/v2\/media\/5291"}],"wp:attachment":[{"href":"https:\/\/mueblesdeharo.es\/index.php\/wp-json\/wp\/v2\/media?parent=5290"}],"wp:term":[{"taxonomy":"product_cat","embeddable":true,"href":"https:\/\/mueblesdeharo.es\/index.php\/wp-json\/wp\/v2\/product_cat?post=5290"},{"taxonomy":"product_tag","embeddable":true,"href":"https:\/\/mueblesdeharo.es\/index.php\/wp-json\/wp\/v2\/product_tag?post=5290"}],"curies":[{"name":"wp","href":"https:\/\/api.w.org\/{rel}","templated":true}]}}