{"id":5152,"date":"2022-01-13T16:03:33","date_gmt":"2022-01-13T16:03:33","guid":{"rendered":"http:\/\/mueblesdeharo.es\/?post_type=product&#038;p=5152"},"modified":"2023-07-08T17:45:15","modified_gmt":"2023-07-08T17:45:15","slug":"colchon-juvenil-pikolin-cm686","status":"publish","type":"product","link":"https:\/\/mueblesdeharo.es\/index.php\/producto\/colchon-juvenil-pikolin-cm686\/","title":{"rendered":"Colch\u00f3n juvenil Pikolin CM811"},"content":{"rendered":"<h3>Especificaciones t\u00e9cnicas<\/h3>\n<p><b>Tejido Stretch<\/b>\u00a0de gran tacto y peso que le proporciona elasticidad y transpirabilidad.<\/p>\n<p><b>Acolchado Viscofoam\u00ae,<\/b>\u00a0viscoel\u00e1stica de alta densidad con efecto memoria<\/p>\n<p><b>Capa de fibra at\u00e9rmica<\/b>\u00a0consigue crear un confort suave y deja pasar de forma continuada el aire durante el descanso.<\/p>\n<p><b>Amortiguador en poli\u00e9ter reforzado de alta densidad<\/b>\u00a0proporciona estabilidad que favorece las horas de reposo.<\/p>\n<p><b>El bloque de muelles ensacados Adapt-Tech Zone\u00ae<\/b>\u00a0permite una mayor adaptabilidad del colch\u00f3n a la morfolog\u00eda de cada persona gracias a su zonificaci\u00f3n en 3 zonas diferenciadas.<\/p>\n<p><b>Cuatro asas verticales.<\/b><\/p>\n<p><b>T Triple Barrera\u00ae:<\/b>\u00a0tratamiento higi\u00e9nico exclusivo de Pikolin que previene la aparici\u00f3n de \u00e1caros, bacterias y hongos.<\/p>\n","protected":false},"excerpt":{"rendered":"<p>Consigue que tus descansos sean lo m\u00e1s reparadores posibles con el colch\u00f3n PIKOL\u00cdN. Su acolchado de viscoel\u00e1stica adem\u00e1s de su bloque de muelles ensacados se adaptar\u00e1 perfectamente a la forma de tu cuerpo y eliminar\u00e1 los puntos de presi\u00f3n para evitar los dolores. Gracias a su triple barrera obtendr\u00e1s la mayor higiene para que el confort sea m\u00e1ximo.<\/p>\n<p>Altura total (+\/-1cm): 23cm.<\/p>\n<p>&nbsp;<\/p>\n","protected":false},"featured_media":5153,"comment_status":"open","ping_status":"closed","template":"","meta":[],"product_cat":[236,220],"product_tag":[],"_links":{"self":[{"href":"https:\/\/mueblesdeharo.es\/index.php\/wp-json\/wp\/v2\/product\/5152"}],"collection":[{"href":"https:\/\/mueblesdeharo.es\/index.php\/wp-json\/wp\/v2\/product"}],"about":[{"href":"https:\/\/mueblesdeharo.es\/index.php\/wp-json\/wp\/v2\/types\/product"}],"replies":[{"embeddable":true,"href":"https:\/\/mueblesdeharo.es\/index.php\/wp-json\/wp\/v2\/comments?post=5152"}],"wp:featuredmedia":[{"embeddable":true,"href":"https:\/\/mueblesdeharo.es\/index.php\/wp-json\/wp\/v2\/media\/5153"}],"wp:attachment":[{"href":"https:\/\/mueblesdeharo.es\/index.php\/wp-json\/wp\/v2\/media?parent=5152"}],"wp:term":[{"taxonomy":"product_cat","embeddable":true,"href":"https:\/\/mueblesdeharo.es\/index.php\/wp-json\/wp\/v2\/product_cat?post=5152"},{"taxonomy":"product_tag","embeddable":true,"href":"https:\/\/mueblesdeharo.es\/index.php\/wp-json\/wp\/v2\/product_tag?post=5152"}],"curies":[{"name":"wp","href":"https:\/\/api.w.org\/{rel}","templated":true}]}}