{"id":4855,"date":"2021-02-05T08:36:53","date_gmt":"2021-02-05T08:36:53","guid":{"rendered":"http:\/\/mueblesdeharo.es\/?post_type=product&#038;p=4855"},"modified":"2023-07-28T18:45:23","modified_gmt":"2023-07-28T18:45:23","slug":"canape-de-madera-2","status":"publish","type":"product","link":"https:\/\/mueblesdeharo.es\/index.php\/producto\/canape-de-madera-2\/","title":{"rendered":"Canap\u00e9 de madera"},"content":{"rendered":"","protected":false},"excerpt":{"rendered":"<p>Este canap\u00e9 ofrece una capacidad extra de almacenaje,perfecto para espacios reducidos. Fabricado en madera vista de melamina alta densidad y patas de madera de haya. Disponible en cinco colores: amazonas, wengu\u00e9, blanco, cambrian y \u00e1rtico. Incluye tapa reforzada anti curva y sistema con agujeros de ventilaci\u00f3n de serie.<\/p>\n<ul>\n<li>Espacio interior: 28cm<\/li>\n<li>Altura exterior: 34cm<\/li>\n<\/ul>\n<p><span class=\"Y2IQFc\" lang=\"en\">This sofa offers extra storage capacity, perfect for small spaces. Made of exposed high-density melamine wood and beech wood legs. Available in five colors: amazonas, wenge, white, cambrian and arctic. Includes reinforced anti-curve lid and system with standard ventilation holes. <\/span><\/p>\n<ul>\n<li><span class=\"Y2IQFc\" lang=\"en\">Inner space: 28cm <\/span><\/li>\n<li><span class=\"Y2IQFc\" lang=\"en\">Outer height: 34cm<\/span><\/li>\n<\/ul>\n","protected":false},"featured_media":3793,"comment_status":"open","ping_status":"closed","template":"","meta":[],"product_cat":[220,255],"product_tag":[],"_links":{"self":[{"href":"https:\/\/mueblesdeharo.es\/index.php\/wp-json\/wp\/v2\/product\/4855"}],"collection":[{"href":"https:\/\/mueblesdeharo.es\/index.php\/wp-json\/wp\/v2\/product"}],"about":[{"href":"https:\/\/mueblesdeharo.es\/index.php\/wp-json\/wp\/v2\/types\/product"}],"replies":[{"embeddable":true,"href":"https:\/\/mueblesdeharo.es\/index.php\/wp-json\/wp\/v2\/comments?post=4855"}],"wp:featuredmedia":[{"embeddable":true,"href":"https:\/\/mueblesdeharo.es\/index.php\/wp-json\/wp\/v2\/media\/3793"}],"wp:attachment":[{"href":"https:\/\/mueblesdeharo.es\/index.php\/wp-json\/wp\/v2\/media?parent=4855"}],"wp:term":[{"taxonomy":"product_cat","embeddable":true,"href":"https:\/\/mueblesdeharo.es\/index.php\/wp-json\/wp\/v2\/product_cat?post=4855"},{"taxonomy":"product_tag","embeddable":true,"href":"https:\/\/mueblesdeharo.es\/index.php\/wp-json\/wp\/v2\/product_tag?post=4855"}],"curies":[{"name":"wp","href":"https:\/\/api.w.org\/{rel}","templated":true}]}}