{"id":4459,"date":"2020-10-23T09:52:29","date_gmt":"2020-10-23T09:52:29","guid":{"rendered":"http:\/\/mueblesdeharo.es\/?post_type=product&#038;p=4459"},"modified":"2023-07-13T18:42:57","modified_gmt":"2023-07-13T18:42:57","slug":"colchon-pikolin-cm920","status":"publish","type":"product","link":"https:\/\/mueblesdeharo.es\/index.php\/producto\/colchon-pikolin-cm920\/","title":{"rendered":"Colch\u00f3n Pikolin CM862"},"content":{"rendered":"<p><strong>\u00bfPara qui\u00e9n es bueno este colch\u00f3n de muelles ensacados Adapt Tech\u00ae Pikolin?<\/strong><br \/>\nSi buscas disfrutar de la tecnolog\u00eda de muelles ensacados, este colch\u00f3n es para ti. Los colchones de muelles ensacados se adaptan al 100% a las formas de tu cuerpo. Adem\u00e1s, se encargan de que los movimientos de tu pareja no interfieran en tu sue\u00f1o.<\/p>\n<p><strong>\u00bfPor qu\u00e9 comprar este colch\u00f3n Pikolin de n\u00facleo de muelles ensacados Adapt Tech\u00ae?<\/strong><br \/>\nLos colchones de muelles ensacados Adapt Tech\u00ae cuentan con todas las tecnolog\u00edas que necesitas para dormir bien cada noche. Los muelles ensacados se adaptan al descanso de cada persona ofreciendo una gran adaptabilidad y ventilaci\u00f3n durante el sue\u00f1o.<br \/>\nGracias a su esmerado dise\u00f1o estos colchones te ayudan a generar un relax completo de la musculatura cada noche, un beneficio perfecto para dormir en armon\u00eda cada noche. El amortiguador de estos colchones se ocupa de dotar al colch\u00f3n de una estabilidad perfecta, mientras que el sistema de muelles ensacados Adapt Tech\u00ae garantiza que el colch\u00f3n se adapte cada noche a tu postura m\u00e1s c\u00f3moda para obtener un descanso totalmente reparador.<\/p>\n<p><strong>Tecnolog\u00eda<\/strong><br \/>\nTecnolog\u00eda del n\u00facleo: Este colch\u00f3n cuenta con la tecnolog\u00eda Adap Tech\u00ae. El n\u00facleo de este colch\u00f3n es de muelles ensacados y cuenta con la particularidad de que se adapta punto por punto a tu cuerpo.<br \/>\nTecnolog\u00eda del acolchado: El acolchado Fibercel\u00ae del que est\u00e1 dotado este colch\u00f3n deja pasar el aire de forma continuada favoreciendo su ventilaci\u00f3n.<\/p>\n<p><strong>Composici\u00f3n<\/strong><br \/>\nTejido exterior: POLIESTER:100 %Capas: Tejido stretch, Fibercel, Poli\u00e9ter reforzado, N\u00facleo Adapt-Tech, poli\u00e9ter reforzado, Fibercel, Tejido Stretch<\/p>\n<p><img loading=\"lazy\" class=\"alignnone size-full wp-image-3923\" src=\"http:\/\/mueblesdeharo.es\/wp-content\/uploads\/2020\/10\/transportegratis2_2-pequeno.png\" alt=\"\" width=\"125\" height=\"120\" \/><br \/>\nTransporte y montaje incluido hasta 20 km. Otras zonas consultar.<br \/>\nT\u00e9lf. 965 41 44 66 mueblesharo10@hotmail.com<br \/>\n<img loading=\"lazy\" class=\"alignnone size-full wp-image-3926\" src=\"http:\/\/mueblesdeharo.es\/wp-content\/uploads\/2020\/10\/Sin-titulo-1-1.png\" alt=\"\" width=\"25\" height=\"43\" \/> 621 37 03 32<\/p>\n","protected":false},"excerpt":{"rendered":"<p>El colch\u00f3n CM862 esta compuesto por el n\u00facleo de muelles ensacados Adapt-Tech y acolchado de Fibercel. El n\u00facleo de muelles ensacados Adapt-Tech se adaptan punto por punto a la morfolog\u00eda de cada durmiente y favorece la independencia de lechos. Su acolchado de Fibercel, es una combinaci\u00f3n de fibra at\u00e9rmica y una capa de poli\u00e9ter HR que consigue crear un confort extra suave y deja pasar de forma continuada el aire durante el descanso para una mejor transpiraci\u00f3n. Todos los colchones de Pikolin cuentan con la tecnolog\u00eda de higiene total Triple Barrera que protege y previene contra el desarrollo de las principales fuentes bacterianas de un colch\u00f3n: \u00e1caros, bacterias y hongos.<br \/>\nAltura total (+\/-1cm): 23,5cm.<\/p>\n<p><span class=\"Y2IQFc\" lang=\"en\">The CM862 mattress is composed of the Adapt-Tech pocket spring core and Fibercel padding. The Adapt-Tech pocket spring core adapts point by point to the morphology of each sleeper and favors the independence of beds. Its Fibercel padding is a combination of athermal fiber and a layer of HR polyether that manages to create extra soft comfort and allows air to pass continuously during rest for better breathability. All Pikolin mattresses have Triple Barrier total hygiene technology that protects and prevents the development of the main bacterial sources of a mattress: mites, bacteria and fungi.<\/span><\/p>\n","protected":false},"featured_media":6214,"comment_status":"open","ping_status":"closed","template":"","meta":[],"product_cat":[236,220],"product_tag":[],"_links":{"self":[{"href":"https:\/\/mueblesdeharo.es\/index.php\/wp-json\/wp\/v2\/product\/4459"}],"collection":[{"href":"https:\/\/mueblesdeharo.es\/index.php\/wp-json\/wp\/v2\/product"}],"about":[{"href":"https:\/\/mueblesdeharo.es\/index.php\/wp-json\/wp\/v2\/types\/product"}],"replies":[{"embeddable":true,"href":"https:\/\/mueblesdeharo.es\/index.php\/wp-json\/wp\/v2\/comments?post=4459"}],"wp:featuredmedia":[{"embeddable":true,"href":"https:\/\/mueblesdeharo.es\/index.php\/wp-json\/wp\/v2\/media\/6214"}],"wp:attachment":[{"href":"https:\/\/mueblesdeharo.es\/index.php\/wp-json\/wp\/v2\/media?parent=4459"}],"wp:term":[{"taxonomy":"product_cat","embeddable":true,"href":"https:\/\/mueblesdeharo.es\/index.php\/wp-json\/wp\/v2\/product_cat?post=4459"},{"taxonomy":"product_tag","embeddable":true,"href":"https:\/\/mueblesdeharo.es\/index.php\/wp-json\/wp\/v2\/product_tag?post=4459"}],"curies":[{"name":"wp","href":"https:\/\/api.w.org\/{rel}","templated":true}]}}