{"id":4358,"date":"2020-10-22T10:08:53","date_gmt":"2020-10-22T10:08:53","guid":{"rendered":"http:\/\/mueblesdeharo.es\/?post_type=product&#038;p=4358"},"modified":"2023-07-27T18:44:18","modified_gmt":"2023-07-27T18:44:18","slug":"colchon-vr","status":"publish","type":"product","link":"https:\/\/mueblesdeharo.es\/index.php\/producto\/colchon-vr\/","title":{"rendered":"Colch\u00f3n VR"},"content":{"rendered":"<p><img loading=\"lazy\" class=\"alignnone size-full wp-image-3923\" src=\"http:\/\/mueblesdeharo.es\/wp-content\/uploads\/2020\/10\/transportegratis2_2-pequeno.png\" alt=\"\" width=\"125\" height=\"120\" \/><br \/>\nTransporte y montaje incluido hasta 20 km. Otras zonas consultar.<br \/>\nT\u00e9lf. 965 41 44 66 mueblesharo10@hotmail.com<br \/>\n<img loading=\"lazy\" class=\"alignnone size-full wp-image-3926\" src=\"http:\/\/mueblesdeharo.es\/wp-content\/uploads\/2020\/10\/Sin-titulo-1-1.png\" alt=\"\" width=\"25\" height=\"43\" \/> 621 37 03 32<\/p>\n","protected":false},"excerpt":{"rendered":"<p>Este magn\u00edfico colch\u00f3n de ofrece <strong>\u00ab5 zonas de descanso independientes con viscoel\u00e1stica\u00bb. Carbono + gel. Total 4 cm.<\/strong><br \/>\nEl colch\u00f3n VR de la serie spring ensacados est\u00e1 formado por un n\u00facleo de muelles ensacados independientes + 4 cm de viscoel\u00e1stica gel y carbono.<br \/>\nIncorpora una selecci\u00f3n de tejidos con propiedades at\u00e9rmicas obteniendo as\u00ed un colch\u00f3n muy transpirable e higi\u00e9nico.<br \/>\nAltura total (+\/-1cm): 29cm.<\/p>\n<p><span class=\"Y2IQFc\" lang=\"en\">This magnificent mattress offers \u00ab5 independent rest areas with viscoelastic\u00bb. Carbon + gel. Total 4 cm. The VR mattress of the pocket spring series is made up of a core of independent pocket springs + 4 cm of viscoelastic gel and carbon. It incorporates a selection of fabrics with athermal properties, thus obtaining a highly breathable and hygienic mattress. Total height (+\/-1cm): 29cm.<\/span><\/p>\n","protected":false},"featured_media":4404,"comment_status":"open","ping_status":"closed","template":"","meta":[],"product_cat":[236,220],"product_tag":[],"_links":{"self":[{"href":"https:\/\/mueblesdeharo.es\/index.php\/wp-json\/wp\/v2\/product\/4358"}],"collection":[{"href":"https:\/\/mueblesdeharo.es\/index.php\/wp-json\/wp\/v2\/product"}],"about":[{"href":"https:\/\/mueblesdeharo.es\/index.php\/wp-json\/wp\/v2\/types\/product"}],"replies":[{"embeddable":true,"href":"https:\/\/mueblesdeharo.es\/index.php\/wp-json\/wp\/v2\/comments?post=4358"}],"wp:featuredmedia":[{"embeddable":true,"href":"https:\/\/mueblesdeharo.es\/index.php\/wp-json\/wp\/v2\/media\/4404"}],"wp:attachment":[{"href":"https:\/\/mueblesdeharo.es\/index.php\/wp-json\/wp\/v2\/media?parent=4358"}],"wp:term":[{"taxonomy":"product_cat","embeddable":true,"href":"https:\/\/mueblesdeharo.es\/index.php\/wp-json\/wp\/v2\/product_cat?post=4358"},{"taxonomy":"product_tag","embeddable":true,"href":"https:\/\/mueblesdeharo.es\/index.php\/wp-json\/wp\/v2\/product_tag?post=4358"}],"curies":[{"name":"wp","href":"https:\/\/api.w.org\/{rel}","templated":true}]}}