{"id":4238,"date":"2020-10-21T09:39:03","date_gmt":"2020-10-21T09:39:03","guid":{"rendered":"http:\/\/mueblesdeharo.es\/?post_type=product&#038;p=4238"},"modified":"2024-02-02T19:15:57","modified_gmt":"2024-02-02T19:15:57","slug":"colchon-galaxia","status":"publish","type":"product","link":"https:\/\/mueblesdeharo.es\/index.php\/producto\/colchon-galaxia\/","title":{"rendered":"Colch\u00f3n Galaxia"},"content":{"rendered":"<p><img loading=\"lazy\" class=\"alignnone size-full wp-image-3923\" src=\"http:\/\/mueblesdeharo.es\/wp-content\/uploads\/2020\/10\/transportegratis2_2-pequeno.png\" alt=\"\" width=\"125\" height=\"120\" \/><br \/>\nTransporte y montaje incluido hasta 20 km. Otras zonas consultar.<br \/>\nT\u00e9lf. 965 41 44 66 mueblesharo10@hotmail.com<br \/>\n<img loading=\"lazy\" class=\"alignnone size-full wp-image-3926\" src=\"http:\/\/mueblesdeharo.es\/wp-content\/uploads\/2020\/10\/Sin-titulo-1-1.png\" alt=\"\" width=\"25\" height=\"43\" \/> 613 15 28 94<\/p>\n","protected":false},"excerpt":{"rendered":"<p>Si prefieres el sistema de muelle ensacado frente a otros tipo, te decimos cu\u00e1les son sus caracter\u00edsticas para que elijas este colch\u00f3n:<br \/>\n-Carcasa de muelle ensacado con 5 zonas de descanso.<br \/>\n-4 cent\u00edmetros de viscoel\u00e1stica. Gel y carbono.<br \/>\n-Altamente transpirable gracias al n\u00facleo y materiales empleados.<br \/>\n-Tejido anti\u00e1caros, antibacteriano e hipoalerg\u00e9nico.<br \/>\nAltura: 28-29 cm.<\/p>\n","protected":false},"featured_media":4254,"comment_status":"open","ping_status":"closed","template":"","meta":[],"product_cat":[236,220],"product_tag":[],"_links":{"self":[{"href":"https:\/\/mueblesdeharo.es\/index.php\/wp-json\/wp\/v2\/product\/4238"}],"collection":[{"href":"https:\/\/mueblesdeharo.es\/index.php\/wp-json\/wp\/v2\/product"}],"about":[{"href":"https:\/\/mueblesdeharo.es\/index.php\/wp-json\/wp\/v2\/types\/product"}],"replies":[{"embeddable":true,"href":"https:\/\/mueblesdeharo.es\/index.php\/wp-json\/wp\/v2\/comments?post=4238"}],"wp:featuredmedia":[{"embeddable":true,"href":"https:\/\/mueblesdeharo.es\/index.php\/wp-json\/wp\/v2\/media\/4254"}],"wp:attachment":[{"href":"https:\/\/mueblesdeharo.es\/index.php\/wp-json\/wp\/v2\/media?parent=4238"}],"wp:term":[{"taxonomy":"product_cat","embeddable":true,"href":"https:\/\/mueblesdeharo.es\/index.php\/wp-json\/wp\/v2\/product_cat?post=4238"},{"taxonomy":"product_tag","embeddable":true,"href":"https:\/\/mueblesdeharo.es\/index.php\/wp-json\/wp\/v2\/product_tag?post=4238"}],"curies":[{"name":"wp","href":"https:\/\/api.w.org\/{rel}","templated":true}]}}