{"id":4128,"date":"2020-10-16T08:57:44","date_gmt":"2020-10-16T08:57:44","guid":{"rendered":"http:\/\/mueblesdeharo.es\/?post_type=product&#038;p=4128"},"modified":"2024-02-02T18:54:11","modified_gmt":"2024-02-02T18:54:11","slug":"colchon","status":"publish","type":"product","link":"https:\/\/mueblesdeharo.es\/index.php\/producto\/colchon\/","title":{"rendered":"Colch\u00f3n Cod. 4098"},"content":{"rendered":"<p>Cumple a la perfecci\u00f3n con todos los requisitos en cuanto a confort.<br \/>\nIntegra viscoel\u00e1stica con part\u00edculas y gel transpirable que proporciona un gran descanso.<br \/>\nFabricado 100% con materiales de primera calidad, viscoel\u00e1stica del dual term, tejido strecht 300 gr.<br \/>\nColch\u00f3n de un confort extraordinario y un dise\u00f1o totalmente vanguardista, a un precio muy bueno.<br \/>\n&#8211; Compuesto por viscoel\u00e1stica con part\u00edculas gel.<br \/>\n&#8211; Sensaci\u00f3n de firmeza y confort.<br \/>\n&#8211; Muy Transpirable gracias a sus tejidos.<br \/>\n&#8211; Tejidos anti\u00e1caros, antibacteriano e hipoalerg\u00e9nico.<\/p>\n<p>&nbsp;<\/p>\n<p>&nbsp;<\/p>\n<p>&nbsp;<\/p>\n","protected":false},"excerpt":{"rendered":"<p>Transpirabilidad y adaptabilidad. El colch\u00f3n cuenta con 2 cm de viscoel\u00e1stica en su acolchado acompa\u00f1ado por fibras suaves para un confort mullido y adaptable,adem\u00e1s de su tejido inferior totalmente transpirable que proporciona un sue\u00f1o fresco y reparador. Colch\u00f3n con sistema duo reversible que alarga la vida \u00fatil de nuestro sistema de descanso.<\/p>\n<p>Altura total (+\/-1cm): 24 cm.<\/p>\n","protected":false},"featured_media":7208,"comment_status":"open","ping_status":"closed","template":"","meta":[],"product_cat":[236,220],"product_tag":[],"_links":{"self":[{"href":"https:\/\/mueblesdeharo.es\/index.php\/wp-json\/wp\/v2\/product\/4128"}],"collection":[{"href":"https:\/\/mueblesdeharo.es\/index.php\/wp-json\/wp\/v2\/product"}],"about":[{"href":"https:\/\/mueblesdeharo.es\/index.php\/wp-json\/wp\/v2\/types\/product"}],"replies":[{"embeddable":true,"href":"https:\/\/mueblesdeharo.es\/index.php\/wp-json\/wp\/v2\/comments?post=4128"}],"wp:featuredmedia":[{"embeddable":true,"href":"https:\/\/mueblesdeharo.es\/index.php\/wp-json\/wp\/v2\/media\/7208"}],"wp:attachment":[{"href":"https:\/\/mueblesdeharo.es\/index.php\/wp-json\/wp\/v2\/media?parent=4128"}],"wp:term":[{"taxonomy":"product_cat","embeddable":true,"href":"https:\/\/mueblesdeharo.es\/index.php\/wp-json\/wp\/v2\/product_cat?post=4128"},{"taxonomy":"product_tag","embeddable":true,"href":"https:\/\/mueblesdeharo.es\/index.php\/wp-json\/wp\/v2\/product_tag?post=4128"}],"curies":[{"name":"wp","href":"https:\/\/api.w.org\/{rel}","templated":true}]}}