{"id":4048,"date":"2020-10-14T20:31:49","date_gmt":"2020-10-14T20:31:49","guid":{"rendered":"http:\/\/mueblesdeharo.es\/?post_type=product&#038;p=4048"},"modified":"2025-05-24T17:08:17","modified_gmt":"2025-05-24T17:08:17","slug":"loira-siesta","status":"publish","type":"product","link":"https:\/\/mueblesdeharo.es\/index.php\/producto\/loira-siesta\/","title":{"rendered":"Sof\u00e1-cama y Chaiselongue Mil\u00e1n"},"content":{"rendered":"<p><strong>DESCRIPCI\u00d3N<\/strong><\/p>\n<div id=\"tab-description\" class=\"woocommerce-Tabs-panel woocommerce-Tabs-panel--description panel entry-content wc-tab\" role=\"tabpanel\" aria-labelledby=\"tab-title-description\">\n<div class=\"product-content show-more-less opened\">\n<p><strong><img src=\"https:\/\/tapizados-arenal.com\/wp-content\/uploads\/2021\/05\/icono_textos-6.jpg\" \/><\/strong>Brazos de madera forrada en napa y goma.<\/p>\n<p><img src=\"https:\/\/tapizados-arenal.com\/wp-content\/uploads\/2021\/05\/icono_textos-1.jpg\" \/>Mecanismo met\u00e1lico con lamas de haya y eucalipto.<\/p>\n<p><img src=\"https:\/\/tapizados-arenal.com\/wp-content\/uploads\/2021\/05\/icono_textos-3.jpg\" \/>Brazos, Asientos y respaldos desenfundables.<\/p>\n<p><img src=\"https:\/\/tapizados-arenal.com\/wp-content\/uploads\/2021\/05\/icono_textos-5.jpg\" \/>Espuma de poliuretano de alta densidad HR 28Kg\/m3 m\u00e1s fibra.<\/p>\n<p><img src=\"https:\/\/tapizados-arenal.com\/wp-content\/uploads\/2021\/05\/icono_textos-7.jpg\" \/>Fibra hueca de alta calidad siliconada.<\/p>\n<p><img src=\"https:\/\/tapizados-arenal.com\/wp-content\/uploads\/2021\/05\/icono_textos-1.jpg\" \/>Patas de metal.<\/p>\n<p><img src=\"https:\/\/tapizados-arenal.com\/wp-content\/uploads\/2021\/05\/icono_textos-8.jpg\" \/>Materiales de primera calidad..<\/p>\n<p><img src=\"https:\/\/tapizados-arenal.com\/wp-content\/uploads\/2021\/05\/icono_textos-4.jpg\" \/>Fabricado con materiales reciclables.<\/p>\n<p><img src=\"https:\/\/tapizados-arenal.com\/wp-content\/uploads\/2021\/05\/icono_textos-15.jpg\" \/>Posibilidad de colch\u00f3n en 12 o 16 cm de grosor.<\/p>\n<p><img src=\"https:\/\/tapizados-arenal.com\/wp-content\/uploads\/2021\/05\/icono_textos-17.jpg\" \/>Posibilidad de visco el\u00e1stica en el colch\u00f3n.<\/p>\n<\/div>\n<\/div>\n<p>&nbsp;<\/p>\n<p><img loading=\"lazy\" class=\"alignnone size-full wp-image-3923\" src=\"http:\/\/mueblesdeharo.es\/wp-content\/uploads\/2020\/10\/transportegratis2_2-pequeno.png\" alt=\"\" width=\"125\" height=\"120\" \/><br \/>\nTransporte y montaje incluido hasta 20 km. Otras zonas consultar.<br \/>\nT\u00e9lf. 965 41 44 66 mueblesharo10@hotmail.com<br \/>\n<img loading=\"lazy\" class=\"alignnone size-full wp-image-3926\" src=\"http:\/\/mueblesdeharo.es\/wp-content\/uploads\/2020\/10\/Sin-titulo-1-1.png\" alt=\"\" width=\"25\" height=\"43\" \/> 621 37 03 32<\/p>\n","protected":false},"excerpt":{"rendered":"<p>Sof\u00e1 3 plazas convertible en amplia cama de 140x190cm (sistema de apertura italiano) + chaiselongue c\/arc\u00f3n. Medidas: 2,92m.<\/p>\n","protected":false},"featured_media":4052,"comment_status":"open","ping_status":"closed","template":"","meta":[],"product_cat":[240,262,222],"product_tag":[],"_links":{"self":[{"href":"https:\/\/mueblesdeharo.es\/index.php\/wp-json\/wp\/v2\/product\/4048"}],"collection":[{"href":"https:\/\/mueblesdeharo.es\/index.php\/wp-json\/wp\/v2\/product"}],"about":[{"href":"https:\/\/mueblesdeharo.es\/index.php\/wp-json\/wp\/v2\/types\/product"}],"replies":[{"embeddable":true,"href":"https:\/\/mueblesdeharo.es\/index.php\/wp-json\/wp\/v2\/comments?post=4048"}],"wp:featuredmedia":[{"embeddable":true,"href":"https:\/\/mueblesdeharo.es\/index.php\/wp-json\/wp\/v2\/media\/4052"}],"wp:attachment":[{"href":"https:\/\/mueblesdeharo.es\/index.php\/wp-json\/wp\/v2\/media?parent=4048"}],"wp:term":[{"taxonomy":"product_cat","embeddable":true,"href":"https:\/\/mueblesdeharo.es\/index.php\/wp-json\/wp\/v2\/product_cat?post=4048"},{"taxonomy":"product_tag","embeddable":true,"href":"https:\/\/mueblesdeharo.es\/index.php\/wp-json\/wp\/v2\/product_tag?post=4048"}],"curies":[{"name":"wp","href":"https:\/\/api.w.org\/{rel}","templated":true}]}}