{"id":4029,"date":"2020-10-14T20:13:00","date_gmt":"2020-10-14T20:13:00","guid":{"rendered":"http:\/\/mueblesdeharo.es\/?post_type=product&#038;p=4029"},"modified":"2025-05-24T18:45:35","modified_gmt":"2025-05-24T18:45:35","slug":"cenit-1","status":"publish","type":"product","link":"https:\/\/mueblesdeharo.es\/index.php\/producto\/cenit-1\/","title":{"rendered":"Cenit 1"},"content":{"rendered":"<p>*Especificar color del tapizado cuando realice el pedido.<\/p>\n<p>&nbsp;<\/p>\n<p><img loading=\"lazy\" class=\"alignnone size-full wp-image-3923\" src=\"http:\/\/mueblesdeharo.es\/wp-content\/uploads\/2020\/10\/transportegratis2_2-pequeno.png\" alt=\"\" width=\"125\" height=\"120\" \/><\/p>\n<p>Transporte y montaje incluido hasta 20 km. Otras zonas consultar.<br \/>\nT\u00e9lf. 96 541 44 66 &#8211; 96 669 24 72\u00a0 mueblesharo10@hotmail.com<br \/>\n<img loading=\"lazy\" class=\"alignnone size-full wp-image-3926\" src=\"http:\/\/mueblesdeharo.es\/wp-content\/uploads\/2020\/10\/Sin-titulo-1-1.png\" alt=\"\" width=\"25\" height=\"43\" \/> 613 152 894<\/p>\n","protected":false},"excerpt":{"rendered":"<p>Sof\u00e1 cama n\u00f3rdico,desenfundable y con arc\u00f3n (Colch\u00f3n de 130x190cm). Medidas: 190x90x98cm.<\/p>\n<p>Amplia gama de colores.<\/p>\n<p>&nbsp;<\/p>\n<p>&nbsp;<\/p>\n","protected":false},"featured_media":7300,"comment_status":"open","ping_status":"closed","template":"","meta":[],"product_cat":[240,222],"product_tag":[],"_links":{"self":[{"href":"https:\/\/mueblesdeharo.es\/index.php\/wp-json\/wp\/v2\/product\/4029"}],"collection":[{"href":"https:\/\/mueblesdeharo.es\/index.php\/wp-json\/wp\/v2\/product"}],"about":[{"href":"https:\/\/mueblesdeharo.es\/index.php\/wp-json\/wp\/v2\/types\/product"}],"replies":[{"embeddable":true,"href":"https:\/\/mueblesdeharo.es\/index.php\/wp-json\/wp\/v2\/comments?post=4029"}],"wp:featuredmedia":[{"embeddable":true,"href":"https:\/\/mueblesdeharo.es\/index.php\/wp-json\/wp\/v2\/media\/7300"}],"wp:attachment":[{"href":"https:\/\/mueblesdeharo.es\/index.php\/wp-json\/wp\/v2\/media?parent=4029"}],"wp:term":[{"taxonomy":"product_cat","embeddable":true,"href":"https:\/\/mueblesdeharo.es\/index.php\/wp-json\/wp\/v2\/product_cat?post=4029"},{"taxonomy":"product_tag","embeddable":true,"href":"https:\/\/mueblesdeharo.es\/index.php\/wp-json\/wp\/v2\/product_tag?post=4029"}],"curies":[{"name":"wp","href":"https:\/\/api.w.org\/{rel}","templated":true}]}}