{"id":3866,"date":"2020-09-18T10:18:50","date_gmt":"2020-09-18T10:18:50","guid":{"rendered":"http:\/\/mueblesdeharo.es\/?post_type=product&#038;p=3866"},"modified":"2020-09-18T10:19:10","modified_gmt":"2020-09-18T10:19:10","slug":"composion-modular-znth","status":"publish","type":"product","link":"https:\/\/mueblesdeharo.es\/index.php\/producto\/composion-modular-znth\/","title":{"rendered":"COMPOSI\u00d3N MODULAR &#8211; ZNTH"},"content":{"rendered":"<p>Original propuesta para sal\u00f3n en color Roble Aserrado con frentes en color Marr\u00f3n Brillo que ofrece una perfecta combinaci\u00f3n de dise\u00f1o y funcionalidad. Medidas: 2,75m. <\/p>\n","protected":false},"excerpt":{"rendered":"<p>Original propuesta para sal\u00f3n en color Roble Aserrado con frentes en color Marr\u00f3n Brillo que ofrece una perfecta combinaci\u00f3n de dise\u00f1o y funcionalidad. Medidas: 2,75m. <\/p>\n","protected":false},"featured_media":0,"comment_status":"open","ping_status":"closed","template":"","meta":[],"product_cat":[249],"product_tag":[],"_links":{"self":[{"href":"https:\/\/mueblesdeharo.es\/index.php\/wp-json\/wp\/v2\/product\/3866"}],"collection":[{"href":"https:\/\/mueblesdeharo.es\/index.php\/wp-json\/wp\/v2\/product"}],"about":[{"href":"https:\/\/mueblesdeharo.es\/index.php\/wp-json\/wp\/v2\/types\/product"}],"replies":[{"embeddable":true,"href":"https:\/\/mueblesdeharo.es\/index.php\/wp-json\/wp\/v2\/comments?post=3866"}],"wp:attachment":[{"href":"https:\/\/mueblesdeharo.es\/index.php\/wp-json\/wp\/v2\/media?parent=3866"}],"wp:term":[{"taxonomy":"product_cat","embeddable":true,"href":"https:\/\/mueblesdeharo.es\/index.php\/wp-json\/wp\/v2\/product_cat?post=3866"},{"taxonomy":"product_tag","embeddable":true,"href":"https:\/\/mueblesdeharo.es\/index.php\/wp-json\/wp\/v2\/product_tag?post=3866"}],"curies":[{"name":"wp","href":"https:\/\/api.w.org\/{rel}","templated":true}]}}