{"id":3865,"date":"2020-09-18T10:15:38","date_gmt":"2020-09-18T10:15:38","guid":{"rendered":"http:\/\/mueblesdeharo.es\/?post_type=product&#038;p=3865"},"modified":"2020-09-18T10:17:35","modified_gmt":"2020-09-18T10:17:35","slug":"composicion-modular-h-h","status":"publish","type":"product","link":"https:\/\/mueblesdeharo.es\/index.php\/producto\/composicion-modular-h-h\/","title":{"rendered":"COMPOSICI\u00d3N MODULAR &#8211; H.H"},"content":{"rendered":"<p>Composici\u00f3n de sal\u00f3n fabricada en madera maciza de pino en color Cerezo.Medidas: 302x50x185cms. *(1)Transporte y montaje gratis en la provincia de Alicante. Resto de Espa\u00f1a consultar. mueblesdeharo@gmail.com (Tel. 965414466) <\/p>\n","protected":false},"excerpt":{"rendered":"<p>Composici\u00f3n de sal\u00f3n fabricada en madera maciza de pino en color Cerezo.Medidas: 302x50x185cms. *(1)Transporte y montaje gratis en la provincia de Alicante. Resto de Espa\u00f1a consultar. mueblesdeharo@gmail.com (Tel. 965414466) <\/p>\n","protected":false},"featured_media":0,"comment_status":"open","ping_status":"closed","template":"","meta":[],"product_cat":[269,249],"product_tag":[],"_links":{"self":[{"href":"https:\/\/mueblesdeharo.es\/index.php\/wp-json\/wp\/v2\/product\/3865"}],"collection":[{"href":"https:\/\/mueblesdeharo.es\/index.php\/wp-json\/wp\/v2\/product"}],"about":[{"href":"https:\/\/mueblesdeharo.es\/index.php\/wp-json\/wp\/v2\/types\/product"}],"replies":[{"embeddable":true,"href":"https:\/\/mueblesdeharo.es\/index.php\/wp-json\/wp\/v2\/comments?post=3865"}],"wp:attachment":[{"href":"https:\/\/mueblesdeharo.es\/index.php\/wp-json\/wp\/v2\/media?parent=3865"}],"wp:term":[{"taxonomy":"product_cat","embeddable":true,"href":"https:\/\/mueblesdeharo.es\/index.php\/wp-json\/wp\/v2\/product_cat?post=3865"},{"taxonomy":"product_tag","embeddable":true,"href":"https:\/\/mueblesdeharo.es\/index.php\/wp-json\/wp\/v2\/product_tag?post=3865"}],"curies":[{"name":"wp","href":"https:\/\/api.w.org\/{rel}","templated":true}]}}