{"id":3863,"date":"2020-09-18T10:08:28","date_gmt":"2020-09-18T10:08:28","guid":{"rendered":"http:\/\/mueblesdeharo.es\/?post_type=product&#038;p=3863"},"modified":"2020-09-18T10:14:03","modified_gmt":"2020-09-18T10:14:03","slug":"composicion-modular-bnca","status":"publish","type":"product","link":"https:\/\/mueblesdeharo.es\/index.php\/producto\/composicion-modular-bnca\/","title":{"rendered":"COMPOSICI\u00d3N MODULAR &#8211; BNCA"},"content":{"rendered":"<p>Composici\u00f3n de sal\u00f3n de 3,05m. fabricada en madera de pino con diferentes acabados. Actual,sencilla y muy pr\u00e1ctica.Colores de madera (Lacados consultar precio). <\/p>\n","protected":false},"excerpt":{"rendered":"<p>Composici\u00f3n de sal\u00f3n de 3,05m. fabricada en madera de pino con diferentes acabados. Actual,sencilla y muy pr\u00e1ctica.Colores de madera (Lacados consultar precio). <\/p>\n","protected":false},"featured_media":0,"comment_status":"open","ping_status":"closed","template":"","meta":[],"product_cat":[269,249],"product_tag":[],"_links":{"self":[{"href":"https:\/\/mueblesdeharo.es\/index.php\/wp-json\/wp\/v2\/product\/3863"}],"collection":[{"href":"https:\/\/mueblesdeharo.es\/index.php\/wp-json\/wp\/v2\/product"}],"about":[{"href":"https:\/\/mueblesdeharo.es\/index.php\/wp-json\/wp\/v2\/types\/product"}],"replies":[{"embeddable":true,"href":"https:\/\/mueblesdeharo.es\/index.php\/wp-json\/wp\/v2\/comments?post=3863"}],"wp:attachment":[{"href":"https:\/\/mueblesdeharo.es\/index.php\/wp-json\/wp\/v2\/media?parent=3863"}],"wp:term":[{"taxonomy":"product_cat","embeddable":true,"href":"https:\/\/mueblesdeharo.es\/index.php\/wp-json\/wp\/v2\/product_cat?post=3863"},{"taxonomy":"product_tag","embeddable":true,"href":"https:\/\/mueblesdeharo.es\/index.php\/wp-json\/wp\/v2\/product_tag?post=3863"}],"curies":[{"name":"wp","href":"https:\/\/api.w.org\/{rel}","templated":true}]}}