{"id":3862,"date":"2020-09-18T10:05:26","date_gmt":"2020-09-18T10:05:26","guid":{"rendered":"http:\/\/mueblesdeharo.es\/?post_type=product&#038;p=3862"},"modified":"2020-09-18T10:05:26","modified_gmt":"2020-09-18T10:05:26","slug":"composicion-modular-salon-jpzeus-2","status":"publish","type":"product","link":"https:\/\/mueblesdeharo.es\/index.php\/producto\/composicion-modular-salon-jpzeus-2\/","title":{"rendered":"COMPOSICI\u00d3N MODULAR SAL\u00d3N &#8211; JPZEUS"},"content":{"rendered":"<p>Pon en tu sal\u00f3n un aire colonial con este elegante mueble que har\u00e1 de este lugar un sitio muy acogedor.Fabricado en madera de pino con diferentes acabados.Medidas: 300x39x195cms. *(1)Transporte y montaje gratis en la provincia de Alicante. Resto de Espa\u00f1a consultar. mueblesdeharo@gmail.com (Tel. 965414466) <\/p>\n","protected":false},"excerpt":{"rendered":"<p>Pon en tu sal\u00f3n un aire colonial con este elegante mueble que har\u00e1 de este lugar un sitio muy acogedor.Fabricado en madera de pino con diferentes acabados.Medidas: 300x39x195cms. *(1)Transporte y montaje gratis en la provincia de Alicante. Resto de Espa\u00f1a consultar. mueblesdeharo@gmail.com (Tel. 965414466) <\/p>\n","protected":false},"featured_media":0,"comment_status":"open","ping_status":"closed","template":"","meta":[],"product_cat":[269],"product_tag":[],"_links":{"self":[{"href":"https:\/\/mueblesdeharo.es\/index.php\/wp-json\/wp\/v2\/product\/3862"}],"collection":[{"href":"https:\/\/mueblesdeharo.es\/index.php\/wp-json\/wp\/v2\/product"}],"about":[{"href":"https:\/\/mueblesdeharo.es\/index.php\/wp-json\/wp\/v2\/types\/product"}],"replies":[{"embeddable":true,"href":"https:\/\/mueblesdeharo.es\/index.php\/wp-json\/wp\/v2\/comments?post=3862"}],"wp:attachment":[{"href":"https:\/\/mueblesdeharo.es\/index.php\/wp-json\/wp\/v2\/media?parent=3862"}],"wp:term":[{"taxonomy":"product_cat","embeddable":true,"href":"https:\/\/mueblesdeharo.es\/index.php\/wp-json\/wp\/v2\/product_cat?post=3862"},{"taxonomy":"product_tag","embeddable":true,"href":"https:\/\/mueblesdeharo.es\/index.php\/wp-json\/wp\/v2\/product_tag?post=3862"}],"curies":[{"name":"wp","href":"https:\/\/api.w.org\/{rel}","templated":true}]}}