{"id":3861,"date":"2020-09-18T09:41:49","date_gmt":"2020-09-18T09:41:49","guid":{"rendered":"http:\/\/mueblesdeharo.es\/?post_type=product&#038;p=3861"},"modified":"2020-09-18T09:42:48","modified_gmt":"2020-09-18T09:42:48","slug":"composicion-modular-de-salon-jv","status":"publish","type":"product","link":"https:\/\/mueblesdeharo.es\/index.php\/producto\/composicion-modular-de-salon-jv\/","title":{"rendered":"COMPOSICI\u00d3N MODULAR DE SAL\u00d3N- JV"},"content":{"rendered":"<p>Composici\u00f3n de sal\u00f3n de 3,15m. en madera maciza de pino.Color Nieve Piedra. *(1)Transporte y montaje gratis en la provincia de Alicante. Resto de Espa\u00f1a consultar. mueblesdeharo@gmail.com (Tel. 965414466) <\/p>\n","protected":false},"excerpt":{"rendered":"<p>Composici\u00f3n de sal\u00f3n de 3,15m. en madera maciza de pino.Color Nieve Piedra. *(1)Transporte y montaje gratis en la provincia de Alicante. Resto de Espa\u00f1a consultar. mueblesdeharo@gmail.com (Tel. 965414466) <\/p>\n","protected":false},"featured_media":0,"comment_status":"open","ping_status":"closed","template":"","meta":[],"product_cat":[249],"product_tag":[],"_links":{"self":[{"href":"https:\/\/mueblesdeharo.es\/index.php\/wp-json\/wp\/v2\/product\/3861"}],"collection":[{"href":"https:\/\/mueblesdeharo.es\/index.php\/wp-json\/wp\/v2\/product"}],"about":[{"href":"https:\/\/mueblesdeharo.es\/index.php\/wp-json\/wp\/v2\/types\/product"}],"replies":[{"embeddable":true,"href":"https:\/\/mueblesdeharo.es\/index.php\/wp-json\/wp\/v2\/comments?post=3861"}],"wp:attachment":[{"href":"https:\/\/mueblesdeharo.es\/index.php\/wp-json\/wp\/v2\/media?parent=3861"}],"wp:term":[{"taxonomy":"product_cat","embeddable":true,"href":"https:\/\/mueblesdeharo.es\/index.php\/wp-json\/wp\/v2\/product_cat?post=3861"},{"taxonomy":"product_tag","embeddable":true,"href":"https:\/\/mueblesdeharo.es\/index.php\/wp-json\/wp\/v2\/product_tag?post=3861"}],"curies":[{"name":"wp","href":"https:\/\/api.w.org\/{rel}","templated":true}]}}