{"id":3679,"date":"2020-08-13T23:39:34","date_gmt":"2020-08-13T23:39:34","guid":{"rendered":"http:\/\/mueblesdeharo.es\/?page_id=3679"},"modified":"2020-08-13T23:39:34","modified_gmt":"2020-08-13T23:39:34","slug":"terminos-y-condiciones-de-uso","status":"publish","type":"page","link":"https:\/\/mueblesdeharo.es\/index.php\/terminos-y-condiciones-de-uso\/","title":{"rendered":"T\u00e9rminos y condiciones de uso"},"content":{"rendered":"\n<div class=\"rte\">\n<p class=\"titulo_articulo_rojo_destacado\">Condiciones de venta<\/p>\n<p class=\"titulo_articulo_bold\"><strong>1. Informaci\u00f3n general de Muebles de Haro<\/strong><\/p>\n<p><span class=\"descripcion_articulo\">Santa Pola 1492, S.L.(con nombre comercial Muebles de Haro) es una sociedad espa\u00f1ola con domicilio en Santa Pola, Avda. Portus Illicitanus,13 (Alicante) con direcci\u00f3n electr\u00f3nica mueblesdeharo@gmail.com y sitio en Internet accesible en\u00a0<a href=\"http:\/\/www.merkashop.es\/\">http:\/\/www.mueblesdeharo.es<\/a>; est\u00e1 inscrita en el Registro Mercantil de Alicante, en el tomo 3775 , folio 70, hoja 139973\u00a0 e inscripci\u00f3n 1 y tiene N.I.F. B-54785571<\/span><br \/><br \/><\/p>\n<p class=\"titulo_articulo_bold\"><strong>2. Objeto<\/strong><\/p>\n<p>Estas condiciones generales de compraventa por Internet (en adelante, las \u201cCondiciones Generales\u201d) regulan la compraventa por Internet de los productos que\u00a0Muebles de Haro\u00a0ofrece al p\u00fablico (a continuaci\u00f3n, los \u201cProductos\u201d) para su compra en la direcci\u00f3n de Internet<a href=\"http:\/\/www.merkamueble.com\/es\/content\/%20http:\/\/www.merkamueble.com\">\u00a0<\/a>www.mueblesdeharo.es\u00a0(seguidamente referida como la \u201cTienda\u201d) a trav\u00e9s de los medios t\u00e9cnicos que incorpora (en adelante, el \u201cServicio\u201d).<br \/>Estas Condiciones Generales completan los pactos establecidos en la orden de compra electr\u00f3nica (en lo sucesivo, la \u201cOrden de Compra\u201d).<\/p>\n<p>\u00a0<\/p>\n<p class=\"titulo_articulo_bold\"><strong>3. Adhesi\u00f3n a las condiciones generales<\/strong><\/p>\n<p>La cumplimentaci\u00f3n y env\u00edo de una Orden de Compra expresa la adhesi\u00f3n plena y sin reservas a cada una de las Condiciones Generales, que el cliente que emite la Orden de Compra (en adelante, el \u201cCliente\u201d) manifiesta conocer y aceptar.<\/p>\n<p>\u00a0<\/p>\n<p class=\"titulo_articulo_bold\"><strong>4. Capacidad y condiciones del cliente<\/strong><\/p>\n<p>El Cliente afirma tener la mayor\u00eda de edad, encontrarse en plenas facultades mentales y cognitivas, conocer y aceptar las Condiciones Generales \u00edntegramente, y tener capacidad para realizar libre y voluntariamente una Orden de Compra.<\/p>\n<p>\u00a0<\/p>\n<p class=\"titulo_articulo_bold\"><strong>5. Pedidos<\/strong><\/p>\n<p>Las \u00d3rdenes de Compra se cursar\u00e1n electr\u00f3nicamente a\u00a0Muebles de Haro\u00a0a trav\u00e9s de la Tienda con empleo de los medios t\u00e9cnicos dispuestos al efecto en su sitio en Internet, cumplimentando debidamente los espacios en blanco y los datos solicitados como obligatorios.\u00a0<br \/>Una vez que\u00a0Muebles de Haro\u00a0reciba la Orden de Compra, remitir\u00e1 inmediatamente una confirmaci\u00f3n del contrato de compraventa realizado (seguidamente, la \u201cConfirmaci\u00f3n\u201d) a la direcci\u00f3n de correo electr\u00f3nico indicada en la Orden de Compra por el Cliente.<br \/><span class=\"Apple-style-span\">\u00a0<\/span><\/p>\n<p class=\"titulo_articulo_bold\"><strong>6. \u00c1mbito geogr\u00e1fico<\/strong><\/p>\n<p>La compra de Productos en la Tienda se establece para el \u00e1mbito geogr\u00e1fico de Espa\u00f1a Peninsular (en adelante, el \u201c\u00c1mbito Geogr\u00e1fico\u201d). No se realizan entregas en\u00a0Ceuta, Melilla e Islas Canarias y Baleares. \u00a0\u00a0<\/p>\n<p>\u00a0<\/p>\n<p class=\"titulo_articulo_bold\"><strong>7. Pago del precio<\/strong><\/p>\n<p><strong><span class=\"descripcion_articulo\">7.1-Forma de pago<\/span><\/strong><br \/>El precio de los productos se pagar\u00e1 exclusivamente por cualquiera de los medios siguientes a elecci\u00f3n del cliente:<\/p>\n<p><br \/><strong>(i) Con tarjeta.-<\/strong>\u00a0El servicio de pago mediante tarjeta de cr\u00e9dito estar\u00e1 directamente proporcionado por la entidad emisora y, en su caso, la entidad de cr\u00e9dito correspondiente.\u00a0Muebles de Haro\u00a0queda excluido de toda responsabilidad en relaci\u00f3n con la confidencialidad y seguridad de la informaci\u00f3n y datos proporcionados por el Cliente con ocasi\u00f3n del pago de sus compras electr\u00f3nicas mediante tarjeta de cr\u00e9dito, en la medida en que el tratamiento de dicha informaci\u00f3n y datos no se encuentre exclusivamente bajo el control de\u00a0Muebles de Haro.<br \/><strong>(ii) Por transferencia o ingreso en cuenta.<\/strong>&#8211; El pago por transferencia debe hacerse efectivo a Muebles de Haro\u00a0en la cuenta descrita. Recuerda que es imprescindible que en la transferencia o el ingreso en cuenta haga constar el n\u00famero de pedido que se le facilitar\u00e1 en la confirmaci\u00f3n de su pedido que le remitamos.<br \/><strong>(iii) Por Paypal.-<\/strong>\u00a0Si dispone de una cuenta Paypal, al finalizar el proceso de pedido, acceder\u00e1 a su cuenta Paypal y, tras verificar los detalles de su compra, podr\u00e1 ordenar el pago.<br \/><strong>(iv) Financiado.-<\/strong>\u00a0Sujeto a las condiciones y a la aprobaci\u00f3n de la entidad financiera.\u00a0Muebles de Haro\u00a0no presta servicios de financiaci\u00f3n, en consecuencia, cualquier contrato de financiaci\u00f3n entre el Cliente y la entidad financiera para la compra de los Productos en la Tienda se establece directamente entre el Cliente y la entidad financiera sin intervenci\u00f3n ni asunci\u00f3n de obligaci\u00f3n alguna de\u00a0Muebles de Haro.<\/p>\n<p><br \/><strong>7.2-Impuestos<\/strong><br \/>El precio ofrecido en la Tienda incluye el Impuesto sobre el Valor A\u00f1adido (I.V.A.).\u00a0<\/p>\n<p>\u00a0<\/p>\n<p><strong>7.3-Gastos de porte y montaje<\/strong><br \/>El mobiliario de hogar qtendr\u00e1 un coste de env\u00edo que oscilar\u00e1 entre 9\u20ac y 95\u20ac en funci\u00f3n del tipo de mueble realiz\u00e1ndose el env\u00edo por medio de una empresa asociada que se hace cargo del transporte, y los productos de decoraci\u00f3n tendr\u00e1n un coste de env\u00edo que oscilar\u00e1 entre 3\u20ac y 50\u20ac en funci\u00f3n del peso de dicho producto, realiz\u00e1ndose el env\u00edo por medio de una empresa de mensajer\u00eda. El precio de porte de entrega no se corresponde con el coste de una eventual devoluci\u00f3n del Producto por desistimiento del Cliente, que\u00a0Muebles de Haro\u00a0pueda gestionar por cuenta del Cliente. El coste de esta devoluci\u00f3n se realizar\u00eda a un precio ordinario de mercado. En cualquier caso,\u00a0Muebles de Haro\u00a0informar\u00e1 al Cliente del precio final de su compra, incluyendo los gastos de porte y montaje en su caso.<\/p>\n<p>\u00a0<\/p>\n<p><strong>7.4-Reserva de dominio<\/strong><br \/>Muebles de Haro\u00a0se reserva expresamente el dominio del Producto hasta el pago \u00edntegro de su precio y dem\u00e1s cantidades que pudieren devengarse con ocasi\u00f3n de la compraventa producida con la confirmaci\u00f3n de\u00a0Muebles de Haro\u00a0sobre la Orden de Compra del Cliente..<\/p>\n<p>\u00a0<\/p>\n<p class=\"titulo_articulo_bold\"><strong>8. Entrega del producto<\/strong><\/p>\n<p><strong>8.1-Plazo<\/strong><br \/>El plazo de entrega del Producto por\u00a0Muebles de Haro\u00a0oscila entre 7 y 45 d\u00edas h\u00e1biles en funci\u00f3n de su proceso de fabricaci\u00f3n, quedando definido el plazo de entrega m\u00e1ximo para el cliente en cada producto de la tienda. El plazo de entrega de los Productos se computar\u00e1 por d\u00edas laborales (de lunes a viernes) desde el momento en que se haga efectiva la tramitaci\u00f3n de su pedido, por lo general al d\u00eda siguiente de la confirmaci\u00f3n del pago.<br \/>En el caso de que figuren diversos plazos de entrega en una misma Orden de Compra, la entrega de todos los Productos comprados se realizar\u00e1 dentro del plazo mayor del Producto que integre su pedido conjunto.<br \/>Si el Cliente desea que se le entregue su pedido en un plazo posterior deber\u00e1 comunicarlo expresamente a\u00a0Muebles de Haro. La entrega posterior podr\u00e1 llevar un cargo adicional de almacenamiento de mercanc\u00eda.<br \/>Muebles de Haro\u00a0no ser\u00e1 responsable si no se lleva a cabo la entrega de Productos en plazo por casos fuerza mayor o caso fortuito.<\/p>\n<p><br \/><strong>8.2-Transmisi\u00f3n de riesgos<\/strong><br \/>La entrega se realizar\u00e1 mediante la puesta a disposici\u00f3n del Producto por\u00a0Muebles de Haro\u00a0o por un tercero por cuenta de\u00a0Muebles de Haro\u00a0en la direcci\u00f3n dentro del \u00c1mbito Geogr\u00e1fico indicada por el Cliente en la Orden de Compra. El Cliente asume los riesgos de deterioro, menoscabo, da\u00f1os y p\u00e9rdida de los Productos desde el momento en que los Productos hubieran sido puestos a su disposici\u00f3n con arreglo a esta cl\u00e1usula.<br \/>En caso de que los Productos presenten desperfectos debidos al transporte, el Cliente deber\u00e1 indicar las anomal\u00edas en el albar\u00e1n del transportista. En este caso,\u00a0Muebles de Haro\u00a0reparar\u00e1 o sustituir\u00e1 los Productos defectuosos en el plazo m\u00e1s breve posible. La falta de observaciones del Cliente en el momento de la entrega equivale a su conformidad plena con los Productos recibidos.<br \/>Respecto de los art\u00edculos de descanso tales como colchones y almohadas, el Cliente no debe desembalarlos antes de asegurarse de que el Producto recibido se corresponde con su pedido ya que por raz\u00f3n de higiene, dichos art\u00edculos no admitir\u00e1n cambio o devoluci\u00f3n una vez retirada su funda de pl\u00e1stico, sin perjuicio de la devoluci\u00f3n de aquellos Productos que tuviesen defectos de fabricaci\u00f3n.<br \/>El Cliente no debe tirar nunca el embalaje de los productos hasta comprobar que se encuentran en perfecto estado y verificar que todos los Productos coinciden con los que pidi\u00f3.<\/p>\n<p><br \/><strong>8.3-Acceso de los Productos<\/strong><br \/>El Cliente se asegurar\u00e1 y ser\u00e1 responsable de que los Productos que compra quepan por los accesos ordinarios (escaleras, puertas, pasillos, etc.) del inmueble en el que se entregar\u00e1n.<br \/>Si fuera necesario el uso de medios mec\u00e1nicos (poleas, gr\u00faas o elevadores) para la entrega, el Cliente deber\u00e1 comunicarlo previamente a\u00a0Muebles de Haro, y su coste y riesgo ser\u00e1 a cuenta del Cliente. Recibida la comunicaci\u00f3n,\u00a0Muebles de Haro\u00a0comunicar\u00e1 el coste del uso de estos medios previamente a la entrega, as\u00ed como el nuevo plazo de entrega que se precisare a causa de la disposici\u00f3n de estos medios no previstos inicialmente.<\/p>\n<p>\u00a0<\/p>\n<p class=\"titulo_articulo_bold\"><strong>9. Responsabilidad por entrega<\/strong><\/p>\n<p>Muebles de Haro\u00a0quedar\u00e1 liberado del cumplimiento de sus obligaciones de entrega previstas en la cl\u00e1usula de estas Condiciones Generales y declina toda responsabilidad al respecto en los siguientes supuestos:<br \/>(i) Impago total o parcial por el Cliente de la Orden de Compra.<br \/>(ii) Omisi\u00f3n o inexactitud de las informaciones que debe suministrar el Cliente en la Orden de Compra al tiempo de efectuar el pedido.<br \/>(iii) Imposibilidad de entrega del pedido en el lugar indicado por falta de acceso adecuado o cualquier otra causa atribuible al Cliente.<br \/>En caso de que no se entregaren los Productos que integran su pedido por falta de acceso adecuado o cualquier otra causa atribuible al Cliente, los Productos se almacenar\u00e1n en las instalaciones de\u00a0Muebles de Haro, con un coste de almacenaje que variar\u00e1 en funci\u00f3n de los d\u00edas y volumen de los Productos. Los transportes de env\u00edo al almac\u00e9n y los posteriores al lugar de entrega ser\u00e1n a cargo del Cliente.<\/p>\n<p>\u00a0<\/p>\n<p class=\"titulo_articulo_bold\"><strong>10. Condiciones de los productos<\/strong><\/p>\n<p>El Cliente acepta que los colores y tonalidades de los Productos que figuran en la Tienda pueden presentar ligeras variaciones respecto de los que se reciban en el pedido, especialmente si se trata de mobiliario macizo o chapado de materias primas naturales, piel, piedras, tejidos, si provienen de distintos proveedores o si los pedidos no se hacen al mismo tiempo. Asimismo, el monitor u otro dispositivo desde el que se visualicen los Productos puede mostrar variaciones de tono y color diferentes del Producto.<br \/>El Cliente declara conocer las medidas, formas y disposici\u00f3n de los Productos que integran su pedido conforme a las especificaciones expresadas en la Tienda.<\/p>\n<p>\u00a0<\/p>\n<p class=\"titulo_articulo_bold\"><strong>11. Garant\u00eda de los productos<\/strong><\/p>\n<p><strong>11.1-Garant\u00eda general<\/strong><br \/>Con car\u00e1cter general, salvo disposici\u00f3n expresa en otros t\u00e9rminos, todos los Productos est\u00e1n garantizados por defectos de fabricaci\u00f3n por un per\u00edodo de dos (2) a\u00f1os conforme a Ley.<br \/>Para exigir la garant\u00eda se requiere la presentaci\u00f3n de la factura de la compra, que estar\u00e1 disponible en la Tienda, dentro del apartado de cuenta de usuario.<br \/>La garant\u00eda no cubre los defectos causados por golpes, ara\u00f1azos, uso indebido o el desgaste normal de los materiales.<\/p>\n<p>En caso de que el producto comprado sea defectuoso,\u00a0Muebles de Haro\u00a0poceder\u00e1, seg\u00fan corresponda, a la reparaci\u00f3n, sustituci\u00f3n, rebaja del precio o resoluci\u00f3n del contrato, gestiones que son gratuitas para el comprador.\u00a0Muebles de Haro\u00a0responder\u00e1 a las faltas de conformidad que se manifiesten en un plazo de dos a\u00f1os desde la entrega. El comprador deber\u00e1 informar a\u00a0Muebles de Haro\u00a0de su falta de conformidad en el plazo de dos meses desde que tuvo conocimiento de ella.\u00a0<\/p>\n<p><br \/><strong>11.2-Observaciones a la garant\u00eda de equipos de descanso<\/strong><br \/>En todos los colchones, la garant\u00eda sobre manchas de humedad s\u00f3lo cubre los seis (6) primeros meses desde la entrega del Producto.<br \/>Los colchones que incorporen un n\u00facleo formado \u00edntegramente por l\u00e1tex no ser\u00e1n v\u00e1lidos para bases tapizadas, somieres de lamas plastificadas, de fibra de carbono u otras superficies que no les permitan transpirar. Tampoco podr\u00e1n incorporar protectores o fundas que impidan la ventilaci\u00f3n del colch\u00f3n.<br \/>Asimismo, ni los colchones de l\u00e1tex ni los viscoel\u00e1sticos se pueden poner sobre bases barnizadas o melaminizadas, dado que este tipo de bases favorecen la aparici\u00f3n de humedades en el colch\u00f3n.<br \/>Los colchones viscoel\u00e1sticos deben colocarse preferentemente sobre somieres de l\u00e1minas o bases tapizadas. Si se colocan en otro tipo de superficies, como por ejemplo camas ba\u00f1era o tatamis, deber\u00e1 cuidarse al m\u00e1ximo la ventilaci\u00f3n del equipo de descanso, pues este tipo de soportes impide la correcta aireaci\u00f3n del colch\u00f3n y pueden aparecer manchas de humedad.<br \/>Adem\u00e1s, ninguno de nuestros colchones podr\u00e1 descansar sobre somieres de muelles, quedando eliminada la garant\u00eda en el caso de utilizarse con somieres de muelles.<br \/>La articulaci\u00f3n de cualquier somier, siempre se deber\u00e1 realizar desde la posici\u00f3n totalmente plana y con el durmiente tumbado sobre el colch\u00f3n. Nunca se siente sobre partes ya articuladas. Los somieres articulados no ser\u00e1n v\u00e1lidos para colchones de muelles.<br \/>Todos los somieres, seg\u00fan su medida, soportan un peso corporal m\u00e1ximo, independientemente que haya una o varias personas sobre el mismo. En las medidas individuales desde 67 cm hasta 105 cm de ancho, el peso m\u00e1ximo es de 120 kg. Para somieres de un cuerpo y 135 o 150 cm de ancho, el peso total de los ocupantes de la cama ser\u00e1 de 180 kg. Por \u00faltimo, en los somieres gemelos, formados por dos cuerpos desde 67 cm hasta 105 cm no se deber\u00e1n sobrepasar los 120 kg en cada uno de los cuerpos del somier.<\/p>\n<p><br \/><strong>11.3-Observaciones en la garant\u00eda del mueble de hogar y mueble tapizado<\/strong><br \/>La garant\u00eda del mobiliario de hogar y mueble tapizado (sof\u00e1s y sillones) por per\u00edodo de dos a\u00f1os quedar\u00e1 invalidada en los da\u00f1os producidos por transporte, accidentes, usos impropios y otros da\u00f1os no debidos al normal uso del Producto por parte del Cliente tras la puesta a disposici\u00f3n de su pedido. Esta garant\u00eda solo cubre los desperfectos por transporte ocasionados antes de la puesta a disposici\u00f3n del Producto.<\/p>\n<p>\u00a0<\/p>\n<p class=\"titulo_articulo_bold\"><strong>12. Derecho de desistimiento<\/strong><\/p>\n<p><strong>12.1-Forma y plazo de ejercicio<\/strong><br \/>El Cliente podr\u00e1 desistir libremente de la compraventa del Producto dentro del plazo de catorce (14) d\u00edas naturales contados desde la fecha de entrega conforme a la cl\u00e1usula anterior. La fecha del resguardo acreditativo de la entrega servir\u00e1 a efectos de c\u00f3mputo del plazo de catorce (14) d\u00edas naturales referido en esta cl\u00e1usula.<br \/>El ejercicio del derecho de desistimiento no estar\u00e1 sujeto a formalidad alguna, bastando que se acredite en cualquier forma admitida en Derecho. No obstante, y con el fin de facilitar y agilizar los tr\u00e1mites correspondientes, el Cliente podr\u00e1 completar un documento de desistimiento junto con copia de la Confirmaci\u00f3n, y remitirlo por correo certificado antes de la finalizaci\u00f3n del plazo de catorce (14) d\u00edas naturales antes referido, a la direcci\u00f3n que en \u00e9l se indica. A estos efectos, el Documento de Desistimiento se habr\u00e1 de remitir a la direcci\u00f3n que figura en \u00e9l junto con el Producto en estado nuevo y en su embalaje original (si no fuera posible, el bien puede sufrir una depreciaci\u00f3n); y el original de la factura que en su momento hubiera expedido\u00a0Muebles de Haro\u00a0al Cliente. Los riesgos de p\u00e9rdida, deterioro, menoscabo o da\u00f1o del Producto a los que se refiera el desistimiento son de cargo del Cliente hasta su entrega a\u00a0Muebles de Haro.<br \/>El ejercicio del derecho de desistimiento por parte del Cliente no implicar\u00e1 la imposici\u00f3n de penalidad alguna.<\/p>\n<p>Corresponden al Cliente los gastos del env\u00edo por devoluci\u00f3n (rechaz\u00e1ndose las devoluciones a portes debidos).<\/p>\n<p><br \/><strong>12.2-Reembolso en caso de desistimiento<\/strong><br \/>Muebles de Haro\u00a0reembolsar\u00e1 al Cliente el importe satisfecho inicialmente por el Cliente en un plazo m\u00e1ximo de catorce (14) d\u00edas naturales tras la fecha en que haya sido informado de la decisi\u00f3n de desistimiento del contrato con la recepci\u00f3n del Producto por\u00a0Muebles de Haro, siempre y cuando el Producto fuera recibido por\u00a0Muebles de Haro\u00a0en las condiciones establecidas en el apartado anterior.<br \/>En el caso de que los Productos devueltos tuvieran alg\u00fan desperfecto, el Cliente deber\u00e1 indemnizar a\u00a0Muebles de Haro\u00a0el importe correspondiente a tales desperfectos, deduciendo\u00a0Muebles de Haro\u00a0dicho importe del que hubiera de reembolsar al Cliente como consecuencia del desistimiento.<br \/>El reembolso tendr\u00e1 lugar mediante el medio de pago por el que el Cliente hubiera efectuado el mismo. En los casos en que el pago se hubiere efectuado mediante ingreso en ventanilla, el reembolso se efectuar\u00e1 mediante transferencia bancaria a la cuenta que el cliente indique en el documento de desistimiento. En el caso de pago financiado se atender\u00e1 a las condiciones especiales previstas.<\/p>\n<p>NOTA: Si el Cliente precisa que\u00a0Muebles de Haro\u00a0realice la retirada de los Productos de su domicilio para ejercer su desistimiento, debe solicitarlo a trav\u00e9s de la siguiente direcci\u00f3n de correo: mueblesdeharo@gmail.com. Se le informar\u00e1 de los gastos derivados de esta recogida que deber\u00e1n ser autorizados por el Cliente. \u00a0<\/p>\n<p><br \/><strong>12.3-Excepciones al derecho de desistimiento<\/strong><br \/>Por excepci\u00f3n, el derecho de desistimiento no ser\u00e1 de aplicaci\u00f3n en los siguientes supuestos:<br \/>(i) Cuando se trate de Productos destinados a la higiene corporal o uso \u00edntimo, tales como colchones o almohadas, que hayan sido desembalados o se les haya retirado la funda protectora; y<br \/>(ii) En general, cuando se trate de Productos confeccionados conforme a las especificaciones del Cliente o claramente personalizados que, en raz\u00f3n de su naturaleza, no puedan ser devueltos o puedan deteriorarse o caducar con rapidez.\u00a0<\/p>\n<p>\u00a0<\/p>\n<p class=\"titulo_articulo_bold\"><strong>13. Tratamiento de datos personales<\/strong><\/p>\n<p>El Cliente autoriza a\u00a0Muebles de Haro\u00a0a tratar de forma automatizada los datos facilitados por el Cliente en la Orden de Compra (en adelante, los \u201cDatos Personales\u201d).\u00a0Muebles de Haro\u00a0tratar\u00e1 automatizadamente los Datos Personales para los usos y con las finalidades as\u00ed como bajo las condiciones definidas en su Pol\u00edtica de Protecci\u00f3n de Datos.<br \/>Mediante la cumplimentaci\u00f3n y env\u00edo de la correspondiente Orden de Compra, el Cliente acepta que sus Datos Personales sean objeto de tratamiento automatizado por parte de\u00a0Muebles de Haro\u00a0en los t\u00e9rminos indicados en la Pol\u00edtica de Protecci\u00f3n de Datos Personales de\u00a0Muebles de Haro.<\/p>\n<p>\u00a0<\/p>\n<p class=\"titulo_articulo_bold\"><strong>14. Comunicaciones<\/strong><\/p>\n<p>Toda comunicaci\u00f3n entre el Cliente y\u00a0Muebles de Haro\u00a0relativa a un pedido determinado, para ser v\u00e1lida y vinculante, se realizar\u00e1 en las direcciones postal o electr\u00f3nica que figuran en el encabezamiento para\u00a0Muebles de Haro\u00a0y en la que indique el Cliente en su Orden de Compra.<\/p>\n<p>\u00a0<\/p>\n<p class=\"titulo_articulo_bold\"><strong>15. Legislaci\u00f3n aplicable<\/strong><\/p>\n<p>Estas Condiciones Generales se rigen por las leyes espa\u00f1olas.<\/p>\n<\/div>\n\n","protected":false},"excerpt":{"rendered":"<p>Condiciones de venta 1. Informaci\u00f3n general de Muebles de Haro Santa Pola 1492, S.L.(con nombre comercial Muebles de Haro) es una sociedad espa\u00f1ola con domicilio en Santa Pola, Avda. Portus Illicitanus,13 (Alicante) con direcci\u00f3n electr\u00f3nica mueblesdeharo@gmail.com y sitio en Internet accesible en\u00a0http:\/\/www.mueblesdeharo.es; est\u00e1 inscrita en el Registro Mercantil de Alicante, en el tomo 3775 , [&#8230;]\n","protected":false},"author":1,"featured_media":0,"parent":0,"menu_order":0,"comment_status":"closed","ping_status":"closed","template":"","meta":[],"_links":{"self":[{"href":"https:\/\/mueblesdeharo.es\/index.php\/wp-json\/wp\/v2\/pages\/3679"}],"collection":[{"href":"https:\/\/mueblesdeharo.es\/index.php\/wp-json\/wp\/v2\/pages"}],"about":[{"href":"https:\/\/mueblesdeharo.es\/index.php\/wp-json\/wp\/v2\/types\/page"}],"author":[{"embeddable":true,"href":"https:\/\/mueblesdeharo.es\/index.php\/wp-json\/wp\/v2\/users\/1"}],"replies":[{"embeddable":true,"href":"https:\/\/mueblesdeharo.es\/index.php\/wp-json\/wp\/v2\/comments?post=3679"}],"version-history":[{"count":2,"href":"https:\/\/mueblesdeharo.es\/index.php\/wp-json\/wp\/v2\/pages\/3679\/revisions"}],"predecessor-version":[{"id":3681,"href":"https:\/\/mueblesdeharo.es\/index.php\/wp-json\/wp\/v2\/pages\/3679\/revisions\/3681"}],"wp:attachment":[{"href":"https:\/\/mueblesdeharo.es\/index.php\/wp-json\/wp\/v2\/media?parent=3679"}],"curies":[{"name":"wp","href":"https:\/\/api.w.org\/{rel}","templated":true}]}}